{"id":3,"date":"2020-09-16T13:51:22","date_gmt":"2020-09-16T13:51:22","guid":{"rendered":"https:\/\/vistaword.com\/?page_id=3"},"modified":"2020-10-30T11:38:43","modified_gmt":"2020-10-30T10:38:43","slug":"politique-de-confidentialite","status":"publish","type":"page","link":"https:\/\/vistaword.com\/fr\/politique-de-confidentialite\/","title":{"rendered":"Politique de confidentialit\u00e9"},"content":{"rendered":"<div  class=\"tatsu-z6watCmFk tatsu-section  tatsu-bg-overlay   tatsu-clearfix\" data-title=\"\"  data-headerscheme=\"background--dark\"><div class='tatsu-section-pad clearfix' data-padding='{\"d\":\"100px 0px 100px 0px\",\"l\":\"80px 0px 80px 0px\"}' data-padding-top='100px'><div class=\"tatsu-row-wrap  tatsu-wrap tatsu-row-one-col tatsu-row-has-one-cols tatsu-large-gutter tatsu-reg-cols  tatsu-clearfix tatsu-GHUV6UnnS0\" ><style>.tatsu-GHUV6UnnS0 > .tatsu-row{margin-top: 0px;}.tatsu-GHUV6UnnS0.tatsu-row-wrap > .tatsu-row{margin-bottom: 0px;}<\/style><div  class=\"tatsu-row \" ><div  class=\"tatsu-column  tatsu-column-no-bg tatsu-one-col tatsu-column-align-middle tatsu-column-image-none tatsu-column-effect-none  tatsu-oLQcjXX7Tw\"  data-parallax-speed=\"0\" style=\"\"><div class=\"tatsu-column-inner \" ><div class=\"tatsu-column-pad-wrap\"><div class=\"tatsu-column-pad\" ><div  class=\"tatsu-module tatsu-text-block-wrap tatsu-5XA2Js4Uwu  \"><div class=\"tatsu-text-inner tatsu-align-center  clearfix\" ><style>.tatsu-5XA2Js4Uwu.tatsu-text-block-wrap .tatsu-text-inner{width: 100%;text-align: left;}<\/style><h1 style=\"text-align: center;\"><span style=\"color: #ffffff;\">Politique de confidentialit\u00e9<\/span><\/h1>\n<\/div><\/div><\/div><\/div><div class = \"tatsu-column-bg-image-wrap\"><div class = \"tatsu-column-bg-image tatsu-bg-lazyload\" data-src = \"\"><\/div><\/div><\/div><style>.tatsu-row > .tatsu-oLQcjXX7Tw.tatsu-column{width: 100%;}.tatsu-oLQcjXX7Tw.tatsu-column > .tatsu-column-inner > .tatsu-column-overlay{mix-blend-mode: none;}.tatsu-oLQcjXX7Tw > .tatsu-column-inner > .tatsu-top-divider{z-index: 9999;}.tatsu-oLQcjXX7Tw > .tatsu-column-inner > .tatsu-bottom-divider{z-index: 9999;}.tatsu-oLQcjXX7Tw > .tatsu-column-inner > .tatsu-left-divider{z-index: 9999;}.tatsu-oLQcjXX7Tw > .tatsu-column-inner > .tatsu-right-divider{z-index: 9999;}@media only screen and (max-width:1377px) {.tatsu-row > .tatsu-oLQcjXX7Tw.tatsu-column{width: 100%;}}@media only screen and (min-width:768px) and (max-width: 1024px) {.tatsu-row > .tatsu-oLQcjXX7Tw.tatsu-column{width: 100%;}}@media only screen and (max-width: 767px) {.tatsu-row > .tatsu-oLQcjXX7Tw.tatsu-column{width: 100%;}}<\/style><\/div><\/div><\/div><\/div><div class=\"tatsu-section-background-wrap\"><div class = \"tatsu-section-background tatsu-bg-lazyload\" data-src = \"https:\/\/brandexponents.com\/exponent-lite\/startup\/wp-content\/uploads\/sites\/12\/2018\/09\/About-Hero-IMG.jpg\"><\/div><\/div><div class=\"tatsu-overlay tatsu-section-overlay\"><\/div><style>.tatsu-z6watCmFk.tatsu-section{background-color: rgba(185,185,185,1);}.tatsu-z6watCmFk .tatsu-section-background{background-image: url(https:\/\/brandexponents.com\/exponent-lite\/startup\/wp-content\/uploads\/sites\/12\/2018\/09\/About-Hero-IMG.jpg);background-repeat: no-repeat;background-attachment: scroll;background-position: center center;background-size: cover;}.tatsu-z6watCmFk .tatsu-bg-blur{background-repeat: no-repeat;background-attachment: scroll;background-position: center center;background-size: cover;}.tatsu-z6watCmFk .tatsu-section-pad{padding: 100px 0px 100px 0px;}.tatsu-z6watCmFk > .tatsu-bottom-divider{z-index: 9999;}.tatsu-z6watCmFk > .tatsu-top-divider{z-index: 9999;}.tatsu-z6watCmFk .tatsu-section-overlay{background: linear-gradient(45deg, rgba(0,0,0,0.5) 0%, rgba(0,0,0,0.3) 100%);mix-blend-mode: normal;}@media only screen and (max-width:1377px) {.tatsu-z6watCmFk .tatsu-section-pad{padding: 80px 0px 80px 0px;}}@media only screen and (max-width: 767px) {.tatsu-z6watCmFk .tatsu-section-background{background-position: bottom right;}.tatsu-z6watCmFk .tatsu-bg-blur{background-position: bottom right;}}<\/style><\/div><div  class=\"tatsu-gjy5g1fapvbjizoj tatsu-section  tatsu-bg-overlay   tatsu-clearfix\" data-title=\"\"  data-headerscheme=\"background--dark\"><div class='tatsu-section-pad clearfix' data-padding='{\"d\":\"90px 0px 90px 0px\"}' data-padding-top='90px'><div class=\"tatsu-row-wrap  tatsu-wrap tatsu-row-one-col tatsu-row-has-one-cols tatsu-medium-gutter tatsu-reg-cols  tatsu-clearfix tatsu-gjy5g1farl3u7z0j\" ><div  class=\"tatsu-row \" ><div  class=\"tatsu-column  tatsu-bg-overlay tatsu-one-col tatsu-column-image-none tatsu-column-effect-none  tatsu-gjy5g1fat21zl2e5\"  data-parallax-speed=\"0\" style=\"\"><div class=\"tatsu-column-inner \" ><div class=\"tatsu-column-pad-wrap\"><div class=\"tatsu-column-pad\" ><div  class=\"tatsu-module tatsu-text-block-wrap tatsu-gjy5g1fauc5wjnmq  \"><div class=\"tatsu-text-inner tatsu-align-center  clearfix\" ><style>.tatsu-gjy5g1fauc5wjnmq.tatsu-text-block-wrap .tatsu-text-inner{width: 100%;text-align: left;}<\/style><p><\/p>\n<p>Le traitement des donn\u00e9es \u00e0 caract\u00e8re personnel r\u00e9sultant de la consultation, la navigation et l\u2019utilisation du site internet https:\/\/www.vistaword.com\/ et des services qu\u2019il propose sont r\u00e9gis par la pr\u00e9sente politique de confidentialit\u00e9.\u00a0\u00a0\u00a0<\/p>\n<p>Cette politique de confidentialit\u00e9 compl\u00e8te les mentions l\u00e9gales et les Conditions G\u00e9n\u00e9rales d\u2019Utilisation disponibles \u00e9galement sur le site. Le propri\u00e9taire du site se r\u00e9serve le droit de la modifier afin de garantir sa conformit\u00e9 avec le droit en vigueur.<\/p>\n<p><strong>Nature de la collecte des donn\u00e9es \u00e0 caract\u00e8re personnel <\/strong><\/p>\n<p>Les utilisateurs peuvent \u00eatre amen\u00e9s \u00e0 fournir \u00e0 Sandrine Biard, en sa qualit\u00e9 de propri\u00e9taire du site https:\/\/www.vistaword.com\/, des informations et donn\u00e9es \u00e0 caract\u00e8re personnel les concernant, telles que leurs nom, pr\u00e9nom, num\u00e9ro de t\u00e9l\u00e9phone et adresse de courrier \u00e9lectronique. Pour acc\u00e9der au formulaire de contact, certaines donn\u00e9es personnelles sont obligatoires, d\u2019autres facultatives. Le caract\u00e8re obligatoire ou facultatif des donn\u00e9es vous est signal\u00e9 lors de la collecte par une ast\u00e9risque. En l\u2019absence de communication des donn\u00e9es personnelles \u00e0 caract\u00e8re obligatoire, Vistaword (Sandrine Biard) ne pourra pas r\u00e9pondre \u00e0 la demande de l\u2019utilisateur.\u00a0\u00a0\u00a0<\/p>\n<p><strong>Finalit\u00e9 de la collecte <\/strong><\/p>\n<p>La collecte, le stockage et le traitement de ces informations et donn\u00e9es personnelles ont pour finalit\u00e9 :\u00a0\u00a0\u00a0<\/p>\n<ul>\n<li>de permettre le fonctionnement du Site\u202f;<\/li>\n<li>de permettre \u00e0 Vistaword (Sandrine Biard) de r\u00e9pondre aux demandes des utilisateurs du site et notamment d\u2019\u00e9tablir \u00e0 leur demande un devis pour une prestation de service linguistique\u202f;<\/li>\n<\/ul>\n<p><strong>Destinataire(s) de la collecte <\/strong><\/p>\n<p>Les donn\u00e9es \u00e0 caract\u00e8re personnel collect\u00e9es par le site ne sont communiqu\u00e9es ou transmises \u00e0 aucun tiers.<\/p>\n<p><strong>Dur\u00e9e de conservation des donn\u00e9es personnelles <\/strong><\/p>\n<p>\u00a0Les donn\u00e9es seront sauvegard\u00e9es pour une dur\u00e9e maximale de 3 ans.\u00a0\u00a0<\/p>\n<p><strong>Droits de l\u2019utilisateur<\/strong><\/p>\n<p>Conform\u00e9ment au R\u00e8glement g\u00e9n\u00e9ral sur la protection des donn\u00e9es (RGPD), toute personne dispose d\u2019un droit d\u2019acc\u00e8s, de rectification, de limitation, de suppression, le cas \u00e9ch\u00e9ant de portabilit\u00e9 des donn\u00e9es la concernant. L\u2019utilisateur du site dispose \u00e9galement d\u2019un droit d\u2019opposition, \u00e9ventuellement sous r\u00e9serve de motifs l\u00e9gitimes et imp\u00e9rieux, au traitement des informations et donn\u00e9es \u00e0 caract\u00e8re personnel le concernant. L\u2019utilisateur\u00a0peut \u00e9galement d\u00e9finir des directives relatives au sort de ses donn\u00e9es personnelles en cas de d\u00e9c\u00e8s.\u00a0<\/p>\n<p>Ces droits peuvent \u00eatre exerc\u00e9s \u00e0 tout moment par e-mail \u00e0 l\u2019adresse suivante : contact@vistaword.com.\u00a0\u00a0\u00a0<\/p>\n<p><\/p><\/div><\/div><\/div><\/div><div class = \"tatsu-column-bg-image-wrap\"><div class = \"tatsu-column-bg-image tatsu-bg-lazyload\" data-src = \"\"><\/div><\/div><div class=\"tatsu-overlay tatsu-column-overlay tatsu-animate-none\" ><\/div><\/div><style>.tatsu-row > .tatsu-gjy5g1fat21zl2e5.tatsu-column{width: 100%;}.tatsu-gjy5g1fat21zl2e5.tatsu-column > .tatsu-column-inner > .tatsu-column-overlay{mix-blend-mode: normal;}.tatsu-gjy5g1fat21zl2e5 > .tatsu-column-inner > .tatsu-top-divider{z-index: 9999;}.tatsu-gjy5g1fat21zl2e5 > .tatsu-column-inner > .tatsu-bottom-divider{z-index: 9999;}.tatsu-gjy5g1fat21zl2e5 > .tatsu-column-inner > .tatsu-left-divider{z-index: 9999;}.tatsu-gjy5g1fat21zl2e5 > .tatsu-column-inner > .tatsu-right-divider{z-index: 9999;}<\/style><\/div><\/div><\/div><\/div><div class=\"tatsu-section-background-wrap\"><div class = \"tatsu-section-background tatsu-bg-lazyload\" data-src = \"\"><\/div><\/div><div class=\"tatsu-overlay tatsu-section-overlay\"><\/div><style>.tatsu-gjy5g1fapvbjizoj .tatsu-section-pad{padding: 90px 0px 90px 0px;}.tatsu-gjy5g1fapvbjizoj > .tatsu-bottom-divider{z-index: 9999;}.tatsu-gjy5g1fapvbjizoj > .tatsu-top-divider{z-index: 9999;}.tatsu-gjy5g1fapvbjizoj .tatsu-section-overlay{mix-blend-mode: normal;}<\/style><\/div>","protected":false},"excerpt":{"rendered":"<div><a href=\"https:\/\/vistaword.com\/fr\/politique-de-confidentialite\/\" class=\"exp-read-more exp-read-more-underlined\">Read More<\/a><\/div>\n","protected":false},"author":1,"featured_media":0,"parent":0,"menu_order":0,"comment_status":"closed","ping_status":"open","template":"","meta":{"footnotes":""},"class_list":["post-3","page","type-page","status-publish","hentry"],"yoast_head":"<!-- This site is optimized with the Yoast SEO plugin v26.6 - https:\/\/yoast.com\/wordpress\/plugins\/seo\/ -->\n<title>Politique de confidentialit\u00e9 - Vistaword<\/title>\n<meta name=\"robots\" content=\"index, follow, max-snippet:-1, max-image-preview:large, max-video-preview:-1\" \/>\n<link rel=\"canonical\" href=\"https:\/\/vistaword.com\/fr\/politique-de-confidentialite\/\" \/>\n<meta property=\"og:locale\" content=\"fr_FR\" \/>\n<meta property=\"og:type\" content=\"article\" \/>\n<meta property=\"og:title\" content=\"Politique de confidentialit\u00e9 - Vistaword\" \/>\n<meta property=\"og:description\" content=\"Read More\" \/>\n<meta property=\"og:url\" content=\"https:\/\/vistaword.com\/fr\/politique-de-confidentialite\/\" \/>\n<meta property=\"og:site_name\" content=\"Vistaword\" \/>\n<meta property=\"article:modified_time\" content=\"2020-10-30T10:38:43+00:00\" \/>\n<meta name=\"twitter:card\" content=\"summary_large_image\" \/>\n<meta name=\"twitter:label1\" content=\"Dur\u00e9e de lecture estim\u00e9e\" \/>\n\t<meta name=\"twitter:data1\" content=\"8 minutes\" \/>\n<script type=\"application\/ld+json\" class=\"yoast-schema-graph\">{\"@context\":\"https:\/\/schema.org\",\"@graph\":[{\"@type\":\"WebPage\",\"@id\":\"https:\/\/vistaword.com\/fr\/politique-de-confidentialite\/\",\"url\":\"https:\/\/vistaword.com\/fr\/politique-de-confidentialite\/\",\"name\":\"Politique de confidentialit\u00e9 - Vistaword\",\"isPartOf\":{\"@id\":\"https:\/\/vistaword.com\/fr\/#website\"},\"datePublished\":\"2020-09-16T13:51:22+00:00\",\"dateModified\":\"2020-10-30T10:38:43+00:00\",\"breadcrumb\":{\"@id\":\"https:\/\/vistaword.com\/fr\/politique-de-confidentialite\/#breadcrumb\"},\"inLanguage\":\"fr-FR\",\"potentialAction\":[{\"@type\":\"ReadAction\",\"target\":[\"https:\/\/vistaword.com\/fr\/politique-de-confidentialite\/\"]}]},{\"@type\":\"BreadcrumbList\",\"@id\":\"https:\/\/vistaword.com\/fr\/politique-de-confidentialite\/#breadcrumb\",\"itemListElement\":[{\"@type\":\"ListItem\",\"position\":1,\"name\":\"Accueil\",\"item\":\"https:\/\/vistaword.com\/fr\/\"},{\"@type\":\"ListItem\",\"position\":2,\"name\":\"Politique de confidentialit\u00e9\"}]},{\"@type\":\"WebSite\",\"@id\":\"https:\/\/vistaword.com\/fr\/#website\",\"url\":\"https:\/\/vistaword.com\/fr\/\",\"name\":\"Vistaword\",\"description\":\"\",\"publisher\":{\"@id\":\"https:\/\/vistaword.com\/fr\/#organization\"},\"potentialAction\":[{\"@type\":\"SearchAction\",\"target\":{\"@type\":\"EntryPoint\",\"urlTemplate\":\"https:\/\/vistaword.com\/fr\/?s={search_term_string}\"},\"query-input\":{\"@type\":\"PropertyValueSpecification\",\"valueRequired\":true,\"valueName\":\"search_term_string\"}}],\"inLanguage\":\"fr-FR\"},{\"@type\":\"Organization\",\"@id\":\"https:\/\/vistaword.com\/fr\/#organization\",\"name\":\"VistaWord\",\"url\":\"https:\/\/vistaword.com\/fr\/\",\"logo\":{\"@type\":\"ImageObject\",\"inLanguage\":\"fr-FR\",\"@id\":\"https:\/\/vistaword.com\/fr\/#\/schema\/logo\/image\/\",\"url\":\"https:\/\/vistaword.com\/wp-content\/uploads\/2020\/10\/logovistaword-transparent.png\",\"contentUrl\":\"https:\/\/vistaword.com\/wp-content\/uploads\/2020\/10\/logovistaword-transparent.png\",\"width\":149,\"height\":97,\"caption\":\"VistaWord\"},\"image\":{\"@id\":\"https:\/\/vistaword.com\/fr\/#\/schema\/logo\/image\/\"}}]}<\/script>\n<!-- \/ Yoast SEO plugin. -->","yoast_head_json":{"title":"Politique de confidentialit\u00e9 - Vistaword","robots":{"index":"index","follow":"follow","max-snippet":"max-snippet:-1","max-image-preview":"max-image-preview:large","max-video-preview":"max-video-preview:-1"},"canonical":"https:\/\/vistaword.com\/fr\/politique-de-confidentialite\/","og_locale":"fr_FR","og_type":"article","og_title":"Politique de confidentialit\u00e9 - Vistaword","og_description":"Read More","og_url":"https:\/\/vistaword.com\/fr\/politique-de-confidentialite\/","og_site_name":"Vistaword","article_modified_time":"2020-10-30T10:38:43+00:00","twitter_card":"summary_large_image","twitter_misc":{"Dur\u00e9e de lecture estim\u00e9e":"8 minutes"},"schema":{"@context":"https:\/\/schema.org","@graph":[{"@type":"WebPage","@id":"https:\/\/vistaword.com\/fr\/politique-de-confidentialite\/","url":"https:\/\/vistaword.com\/fr\/politique-de-confidentialite\/","name":"Politique de confidentialit\u00e9 - Vistaword","isPartOf":{"@id":"https:\/\/vistaword.com\/fr\/#website"},"datePublished":"2020-09-16T13:51:22+00:00","dateModified":"2020-10-30T10:38:43+00:00","breadcrumb":{"@id":"https:\/\/vistaword.com\/fr\/politique-de-confidentialite\/#breadcrumb"},"inLanguage":"fr-FR","potentialAction":[{"@type":"ReadAction","target":["https:\/\/vistaword.com\/fr\/politique-de-confidentialite\/"]}]},{"@type":"BreadcrumbList","@id":"https:\/\/vistaword.com\/fr\/politique-de-confidentialite\/#breadcrumb","itemListElement":[{"@type":"ListItem","position":1,"name":"Accueil","item":"https:\/\/vistaword.com\/fr\/"},{"@type":"ListItem","position":2,"name":"Politique de confidentialit\u00e9"}]},{"@type":"WebSite","@id":"https:\/\/vistaword.com\/fr\/#website","url":"https:\/\/vistaword.com\/fr\/","name":"Vistaword","description":"","publisher":{"@id":"https:\/\/vistaword.com\/fr\/#organization"},"potentialAction":[{"@type":"SearchAction","target":{"@type":"EntryPoint","urlTemplate":"https:\/\/vistaword.com\/fr\/?s={search_term_string}"},"query-input":{"@type":"PropertyValueSpecification","valueRequired":true,"valueName":"search_term_string"}}],"inLanguage":"fr-FR"},{"@type":"Organization","@id":"https:\/\/vistaword.com\/fr\/#organization","name":"VistaWord","url":"https:\/\/vistaword.com\/fr\/","logo":{"@type":"ImageObject","inLanguage":"fr-FR","@id":"https:\/\/vistaword.com\/fr\/#\/schema\/logo\/image\/","url":"https:\/\/vistaword.com\/wp-content\/uploads\/2020\/10\/logovistaword-transparent.png","contentUrl":"https:\/\/vistaword.com\/wp-content\/uploads\/2020\/10\/logovistaword-transparent.png","width":149,"height":97,"caption":"VistaWord"},"image":{"@id":"https:\/\/vistaword.com\/fr\/#\/schema\/logo\/image\/"}}]}},"_links":{"self":[{"href":"https:\/\/vistaword.com\/fr\/wp-json\/wp\/v2\/pages\/3\/"}],"collection":[{"href":"https:\/\/vistaword.com\/fr\/wp-json\/wp\/v2\/pages\/"}],"about":[{"href":"https:\/\/vistaword.com\/fr\/wp-json\/wp\/v2\/types\/page\/"}],"author":[{"embeddable":true,"href":"https:\/\/vistaword.com\/fr\/wp-json\/wp\/v2\/users\/1\/"}],"replies":[{"embeddable":true,"href":"https:\/\/vistaword.com\/fr\/wp-json\/wp\/v2\/comments\/?post=3"}],"version-history":[{"count":3,"href":"https:\/\/vistaword.com\/fr\/wp-json\/wp\/v2\/pages\/3\/revisions\/"}],"predecessor-version":[{"id":5621,"href":"https:\/\/vistaword.com\/fr\/wp-json\/wp\/v2\/pages\/3\/revisions\/5621\/"}],"wp:attachment":[{"href":"https:\/\/vistaword.com\/fr\/wp-json\/wp\/v2\/media\/?parent=3"}],"curies":[{"name":"wp","href":"https:\/\/api.w.org\/{rel}","templated":true}]}}