{"id":5039,"date":"2020-10-13T17:40:56","date_gmt":"2020-10-13T15:40:56","guid":{"rendered":"https:\/\/vistaword.com\/?page_id=5039"},"modified":"2020-10-30T11:49:38","modified_gmt":"2020-10-30T10:49:38","slug":"revision-correction-et-relecture-de-textes","status":"publish","type":"page","link":"https:\/\/vistaword.com\/fr\/revision-correction-et-relecture-de-textes\/","title":{"rendered":"R\u00e9vision, correction et relecture de textes"},"content":{"rendered":"<div  class=\"tatsu-s0zdutuvo tatsu-section  tatsu-bg-overlay   tatsu-clearfix\" data-title=\"\"  data-headerscheme=\"background--dark\"><div class='tatsu-section-pad clearfix' data-padding='{\"d\":\"100px 0px 100px 0px\",\"l\":\"80px 0px 80px 0px\"}' data-padding-top='100px'><div class=\"tatsu-row-wrap  tatsu-wrap tatsu-row-one-col tatsu-row-has-one-cols tatsu-large-gutter tatsu-reg-cols  tatsu-clearfix tatsu-HeIcfsf1O8\" ><style>.tatsu-HeIcfsf1O8 > .tatsu-row{margin-top: 0px;}.tatsu-HeIcfsf1O8.tatsu-row-wrap > .tatsu-row{margin-bottom: 0px;}<\/style><div  class=\"tatsu-row \" ><div  class=\"tatsu-column  tatsu-column-no-bg tatsu-one-col tatsu-column-align-middle tatsu-column-image-none tatsu-column-effect-none  tatsu-EERu0Koe4q\"  data-parallax-speed=\"0\" style=\"\"><div class=\"tatsu-column-inner \" ><div class=\"tatsu-column-pad-wrap\"><div class=\"tatsu-column-pad\" ><div  class=\"tatsu-module tatsu-text-block-wrap tatsu-144EXJdzr  \"><div class=\"tatsu-text-inner tatsu-align-center  clearfix\" ><style>.tatsu-144EXJdzr.tatsu-text-block-wrap .tatsu-text-inner{width: 100%;text-align: left;}<\/style>\n<h1 style=\"text-align: center;\"><span style=\"color: #ffffff;\">R\u00e9vision, correction &#038; relecture de textes<\/span><\/h1>\n<\/div><\/div><\/div><\/div><div class = \"tatsu-column-bg-image-wrap\"><div class = \"tatsu-column-bg-image tatsu-bg-lazyload\" data-src = \"\"><\/div><\/div><\/div><style>.tatsu-row > .tatsu-EERu0Koe4q.tatsu-column{width: 100%;}.tatsu-EERu0Koe4q.tatsu-column > .tatsu-column-inner > .tatsu-column-overlay{mix-blend-mode: none;}.tatsu-EERu0Koe4q > .tatsu-column-inner > .tatsu-top-divider{z-index: 9999;}.tatsu-EERu0Koe4q > .tatsu-column-inner > .tatsu-bottom-divider{z-index: 9999;}.tatsu-EERu0Koe4q > .tatsu-column-inner > .tatsu-left-divider{z-index: 9999;}.tatsu-EERu0Koe4q > .tatsu-column-inner > .tatsu-right-divider{z-index: 9999;}@media only screen and (max-width:1377px) {.tatsu-row > .tatsu-EERu0Koe4q.tatsu-column{width: 100%;}}@media only screen and (min-width:768px) and (max-width: 1024px) {.tatsu-row > .tatsu-EERu0Koe4q.tatsu-column{width: 100%;}}@media only screen and (max-width: 767px) {.tatsu-row > .tatsu-EERu0Koe4q.tatsu-column{width: 100%;}}<\/style><\/div><\/div><\/div><\/div><div class=\"tatsu-section-background-wrap\"><div class = \"tatsu-bg-blur\" style = \"background-image : url(data:image\/jpeg;base64,\/9j\/4AAQSkZJRgABAQAAAQABAAD\/4QBKRXhpZgAASUkqAAgAAAABAJiCAgAmAAAAGgAAAAAAAADCqUJpbGxpb25QaG90b3MuY29tIC0gc3RvY2suYWRvYmUuY29tAAAA\/+0AVlBob3Rvc2hvcCAzLjAAOEJJTQQEAAAAAAA5HAFaAAMbJUccAgAAAgACHAJ0ACXCqUJpbGxpb25QaG90b3MuY29tIC0gc3RvY2suYWRvYmUuY29tAP\/hBCtodHRwOi8vbnMuYWRvYmUuY29tL3hhcC8xLjAvADw\/eHBhY2tldCBiZWdpbj0i77u\/IiBpZD0iVzVNME1wQ2VoaUh6cmVTek5UY3prYzlkIj8+IDx4OnhtcG1ldGEgeG1sbnM6eD0iYWRvYmU6bnM6bWV0YS8iIHg6eG1wdGs9IkFkb2JlIFhNUCBDb3JlIDUuMy1jMDExIDY2LjE0NTY2MSwgMjAxMi8wMi8wNi0xNDo1NjoyNyAgICAgICAgIj4gPHJkZjpSREYgeG1sbnM6cmRmPSJodHRwOi8vd3d3LnczLm9yZy8xOTk5LzAyLzIyLXJkZi1zeW50YXgtbnMjIj4gPHJkZjpEZXNjcmlwdGlvbiByZGY6YWJvdXQ9IiIgeG1sbnM6eG1wTU09Imh0dHA6Ly9ucy5hZG9iZS5jb20veGFwLzEuMC9tbS8iIHhtbG5zOnN0UmVmPSJodHRwOi8vbnMuYWRvYmUuY29tL3hhcC8xLjAvc1R5cGUvUmVzb3VyY2VSZWYjIiB4bWxuczp4bXA9Imh0dHA6Ly9ucy5hZG9iZS5jb20veGFwLzEuMC8iIHhtbG5zOmRjPSJodHRwOi8vcHVybC5vcmcvZGMvZWxlbWVudHMvMS4xLyIgeG1wTU06RG9jdW1lbnRJRD0ieG1wLmRpZDoxODM0NzNCMjE1MjcxMUVCQjVENUQ5QTI0NTFBNjRGRCIgeG1wTU06SW5zdGFuY2VJRD0ieG1wLmlpZDoxODM0NzNCMTE1MjcxMUVCQjVENUQ5QTI0NTFBNjRGRCIgeG1wOkNyZWF0b3JUb29sPSJBZG9iZSBQaG90b3Nob3AgQ1M2IFdpbmRvd3MiPiA8eG1wTU06RGVyaXZlZEZyb20gc3RSZWY6aW5zdGFuY2VJRD0ieG1wLmlpZDo1MTU3MzI3MzBGQkUxMUVCOTQ3NUE1QzUyMDIxMjJDRiIgc3RSZWY6ZG9jdW1lbnRJRD0ieG1wLmRpZDo1MTU3MzI3NDBGQkUxMUVCOTQ3NUE1QzUyMDIxMjJDRiIvPiA8ZGM6cmlnaHRzPiA8cmRmOkFsdD4gPHJkZjpsaSB4bWw6bGFuZz0ieC1kZWZhdWx0Ij7CqUJpbGxpb25QaG90b3MuY29tIC0gc3RvY2suYWRvYmUuY29tPC9yZGY6bGk+IDwvcmRmOkFsdD4gPC9kYzpyaWdodHM+IDxkYzp0aXRsZT4gPHJkZjpBbHQ+IDxyZGY6bGkgeG1sOmxhbmc9IngtZGVmYXVsdCI+QnVpbGRpbmcuPC9yZGY6bGk+IDwvcmRmOkFsdD4gPC9kYzp0aXRsZT4gPC9yZGY6RGVzY3JpcHRpb24+IDwvcmRmOlJERj4gPC94OnhtcG1ldGE+IDw\/eHBhY2tldCBlbmQ9InIiPz7\/2wBDAAYEBAUEBAYFBQUGBgYHCQ4JCQgICRINDQoOFRIWFhUSFBQXGiEcFxgfGRQUHScdHyIjJSUlFhwpLCgkKyEkJST\/2wBDAQYGBgkICREJCREkGBQYJCQkJCQkJCQkJCQkJCQkJCQkJCQkJCQkJCQkJCQkJCQkJCQkJCQkJCQkJCQkJCQkJCT\/wAARCAAXADIDAREAAhEBAxEB\/8QAGgAAAgMBAQAAAAAAAAAAAAAABQcEBggCA\/\/EAC4QAAEDAwIEBQIHAAAAAAAAAAECAwQABREGIRITMVEHQXGRoRSBFRYkMkKxwf\/EABkBAAIDAQAAAAAAAAAAAAAAAAIEAAMFAf\/EACQRAAICAAYCAgMAAAAAAAAAAAECAAMEERIhMUETURQiMmFx\/9oADAMBAAIRAxEAPwB\/u2KFb0l9uMwkgjdLYBodFY6E7qc9zNXi1Pv0\/UMlubbZcZlKihJQNuAHbB+fU0uzIOY\/XwMoEb003e32moMCaygJAW6HC4pZ75OAPaqgy9CE2rsw9bPAOOt\/6h52WRkFKXVZIP2AoiGP4yrUBzLxcdUzdNWKVpe72i2z7Q\/GUylpCA24rIxnA2OOuceVTW6bESLUthzBiVtlksFjd4kRWw5w4Djquc6M9v4j2zQPc7S5aEWQ3NP2BbilfhjpySc8WM\/FB5X9zvhT1Nyvxucytsnr0x3G4rTYZzLG0rFxt0O7o\/WxWnh55FQVLJ5GHE4iW6Bb2+XFiMsJ7ITiiCKOBBLseTPK4yRFjqdS2t1Q2CE9Sf6HqaKDFJc9F3CXfxJnXFHBMCuapTgVyE5\/anucbdMUq1GbTQTEfT+Sh6ssbWmry6hHCIucsyHDxZHb1pe2rQf1Ga7Na5mDBOJAI5xHcIODVWg+oWoTTU\/x80LByDPkuqHk3FX\/AKBTxuQdzMFbGTNO6lg6qhi6wUPNRpBUpCXAArYkbgelRbexxONX0ZLnSo8Jhb8hZbbQNyAT8Crg4IzlRQ55QUb9GfaKmGlrSRsVbA0BvUSwUMYt9baunsuLYYixWgOi1DjNJXY9hsojdWDXkmKC\/MybwtRlzHl5OcA4SPsNqSOKsz3jQqUDaAfy8obc0+9H8loPjE\/\/2Q==);\"\"><\/div><div class = \"tatsu-section-background tatsu-bg-lazyload\" data-src = \"https:\/\/vistaword.com\/wp-content\/uploads\/2020\/10\/bandeau-revision.jpg\"><\/div><\/div><div class=\"tatsu-overlay tatsu-section-overlay\"><\/div><style>.tatsu-s0zdutuvo.tatsu-section{background-color: rgba(185,185,185,1);}.tatsu-s0zdutuvo .tatsu-section-background{background-image: url(https:\/\/vistaword.com\/wp-content\/uploads\/2020\/10\/bandeau-revision.jpg);background-repeat: no-repeat;background-attachment: scroll;background-position: center center;background-size: cover;}.tatsu-s0zdutuvo .tatsu-bg-blur{background-repeat: no-repeat;background-attachment: scroll;background-position: center center;background-size: cover;}.tatsu-s0zdutuvo .tatsu-section-pad{padding: 100px 0px 100px 0px;}.tatsu-s0zdutuvo > .tatsu-bottom-divider{z-index: 9999;}.tatsu-s0zdutuvo > .tatsu-top-divider{z-index: 9999;}.tatsu-s0zdutuvo .tatsu-section-overlay{background: linear-gradient(45deg, rgba(0,0,0,0.5) 0%, rgba(0,0,0,0.3) 100%);mix-blend-mode: normal;}@media only screen and (max-width:1377px) {.tatsu-s0zdutuvo .tatsu-section-pad{padding: 80px 0px 80px 0px;}}@media only screen and (max-width: 767px) {.tatsu-s0zdutuvo .tatsu-section-background{background-position: bottom right;}.tatsu-s0zdutuvo .tatsu-bg-blur{background-position: bottom right;}}<\/style><\/div><div  class=\"tatsu-mRRa_XvhW tatsu-section    tatsu-clearfix\" data-title=\"\"  data-headerscheme=\"background--dark\"><div class='tatsu-section-pad clearfix' data-padding='{\"d\":\"90px 0px 7px 0px\"}' data-padding-top='90px'><div class=\"tatsu-row-wrap  tatsu-wrap tatsu-row-has-one-half tatsu-row-has-two-cols tatsu-medium-gutter tatsu-reg-cols  tatsu-clearfix tatsu-GZv6vOrpos\" ><div  class=\"tatsu-row \" ><div  class=\"tatsu-column  tatsu-column-no-bg tatsu-one-half tatsu-column-align-middle tatsu-column-image-none tatsu-column-effect-none  tatsu-mtdqyHtCJV\"  data-parallax-speed=\"0\" style=\"\"><div class=\"tatsu-column-inner \" ><div class=\"tatsu-column-pad-wrap\"><div class=\"tatsu-column-pad\" ><div  class=\"tatsu-module tatsu-text-block-wrap tatsu-oY2srAzkm  \"><div class=\"tatsu-text-inner tatsu-align-center  clearfix\" ><style>.tatsu-oY2srAzkm.tatsu-text-block-wrap .tatsu-text-inner{width: 100%;text-align: left;}<\/style>\n<h3>Correction et relecture de textes<\/h3>\n<p>Afin de garantir la qualit\u00e9 de vos supports \u00e9crits, Vistaword met son savoir-faire \u00e0 votre service. <\/p>\n<p>Orthographe, grammaire, syntaxe, typographie : nous effectuons une v\u00e9rification minutieuse de vos contenus.<\/p>\n<p>Ce travail de rigueur est indispensable \u00e0 votre image de marque.<\/p>\n<\/div><\/div><\/div><\/div><div class = \"tatsu-column-bg-image-wrap\"><div class = \"tatsu-column-bg-image tatsu-bg-lazyload\" data-src = \"\"><\/div><\/div><\/div><style>.tatsu-row > .tatsu-mtdqyHtCJV.tatsu-column{width: 50%;}.tatsu-mtdqyHtCJV.tatsu-column > .tatsu-column-inner > .tatsu-column-overlay{mix-blend-mode: none;}.tatsu-mtdqyHtCJV > .tatsu-column-inner > .tatsu-top-divider{z-index: 9999;}.tatsu-mtdqyHtCJV > .tatsu-column-inner > .tatsu-bottom-divider{z-index: 9999;}.tatsu-mtdqyHtCJV > .tatsu-column-inner > .tatsu-left-divider{z-index: 9999;}.tatsu-mtdqyHtCJV > .tatsu-column-inner > .tatsu-right-divider{z-index: 9999;}@media only screen and (max-width: 767px) {.tatsu-row > .tatsu-mtdqyHtCJV.tatsu-column{width: 100%;}}<\/style><\/div><div  class=\"tatsu-column  tatsu-column-no-bg tatsu-one-half tatsu-column-align-middle tatsu-column-image-none tatsu-column-effect-none  tatsu-XDICob0lFr\"  data-parallax-speed=\"0\" style=\"\"><div class=\"tatsu-column-inner \" ><div class=\"tatsu-column-pad-wrap\"><div class=\"tatsu-column-pad\" ><div  class=\"tatsu-single-image tatsu-module tatsu-SSP_Qf639l  \" ><div class=\"tatsu-single-image-inner \" style=\"width : 1980px;\" ><div class = \"tatsu-single-image-padding-wrap\" style = \"padding-bottom : 66.666666666667%;\" ><\/div><img class = \"tatsu-gradient-border\" alt = \"\" title = \"Fotolia_49188291_Subscription_XL\" src = \"https:\/\/vistaword.com\/wp-content\/uploads\/2020\/10\/Fotolia_49188291_Subscription_XL.jpg\" \/><\/div><style>.tatsu-SSP_Qf639l{margin: 0px 0px 0px 0px;}.tatsu-SSP_Qf639l .tatsu-single-image-inner{border-style: solid;max-width: 100%;}.tatsu-SSP_Qf639l.tatsu-single-image{transform: translate3d(0px,0px, 0);}<\/style><\/div><\/div><\/div><div class = \"tatsu-column-bg-image-wrap\"><div class = \"tatsu-column-bg-image tatsu-bg-lazyload\" data-src = \"\"><\/div><\/div><\/div><style>.tatsu-row > .tatsu-XDICob0lFr.tatsu-column{width: 50%;}.tatsu-XDICob0lFr.tatsu-column > .tatsu-column-inner > .tatsu-column-overlay{mix-blend-mode: none;}.tatsu-XDICob0lFr > .tatsu-column-inner > .tatsu-top-divider{z-index: 9999;}.tatsu-XDICob0lFr > .tatsu-column-inner > .tatsu-bottom-divider{z-index: 9999;}.tatsu-XDICob0lFr > .tatsu-column-inner > .tatsu-left-divider{z-index: 9999;}.tatsu-XDICob0lFr > .tatsu-column-inner > .tatsu-right-divider{z-index: 9999;}@media only screen and (max-width: 767px) {.tatsu-row > .tatsu-XDICob0lFr.tatsu-column{width: 100%;}}<\/style><\/div><\/div><\/div><\/div><div class=\"tatsu-section-background-wrap\"><div class = \"tatsu-section-background tatsu-bg-lazyload\" data-src = \"\"><\/div><\/div><style>.tatsu-mRRa_XvhW.tatsu-section{background-color: rgba(255,255,255,1);}.tatsu-mRRa_XvhW .tatsu-section-pad{padding: 90px 0px 7px 0px;}.tatsu-mRRa_XvhW > .tatsu-bottom-divider{z-index: 9999;}.tatsu-mRRa_XvhW > .tatsu-top-divider{z-index: 9999;}<\/style><\/div><div  class=\"tatsu-BEzvYBLvN tatsu-section    tatsu-clearfix\" data-title=\"\"  data-headerscheme=\"background--dark\"><div class='tatsu-section-pad clearfix' data-padding='{\"d\":\"31px 0px 90px 0px\"}' data-padding-top='31px'><div class=\"tatsu-row-wrap  tatsu-wrap tatsu-row-has-one-half tatsu-row-has-two-cols tatsu-medium-gutter tatsu-reg-cols  tatsu-clearfix tatsu-137UeM9-kE\" ><div  class=\"tatsu-row \" ><div  class=\"tatsu-column  tatsu-column-no-bg tatsu-one-half tatsu-column-align-middle tatsu-column-image-none tatsu-column-effect-none  tatsu-BPLA41Ujd6\"  data-parallax-speed=\"0\" style=\"\"><div class=\"tatsu-column-inner \" ><div class=\"tatsu-column-pad-wrap\"><div class=\"tatsu-column-pad\" ><div  class=\"tatsu-single-image tatsu-module tatsu-fK-Hc4f3AG  \" ><div class=\"tatsu-single-image-inner \" style=\"width : 1980px;\" ><div class = \"tatsu-single-image-padding-wrap\" style = \"padding-bottom : 57.424242424242%;\" ><\/div><img class = \"tatsu-gradient-border\" alt = \"\" title = \"revision\" src = \"https:\/\/vistaword.com\/wp-content\/uploads\/2020\/10\/revision.jpg\" \/><\/div><style>.tatsu-fK-Hc4f3AG{margin: 0px 0px 0px 0px;}.tatsu-fK-Hc4f3AG .tatsu-single-image-inner{border-style: solid;max-width: 100%;}.tatsu-fK-Hc4f3AG.tatsu-single-image{transform: translate3d(0px,0px, 0);}<\/style><\/div><\/div><\/div><div class = \"tatsu-column-bg-image-wrap\"><div class = \"tatsu-column-bg-image tatsu-bg-lazyload\" data-src = \"\"><\/div><\/div><\/div><style>.tatsu-row > .tatsu-BPLA41Ujd6.tatsu-column{width: 50%;}.tatsu-BPLA41Ujd6.tatsu-column > .tatsu-column-inner > .tatsu-column-overlay{mix-blend-mode: none;}.tatsu-BPLA41Ujd6 > .tatsu-column-inner > .tatsu-top-divider{z-index: 9999;}.tatsu-BPLA41Ujd6 > .tatsu-column-inner > .tatsu-bottom-divider{z-index: 9999;}.tatsu-BPLA41Ujd6 > .tatsu-column-inner > .tatsu-left-divider{z-index: 9999;}.tatsu-BPLA41Ujd6 > .tatsu-column-inner > .tatsu-right-divider{z-index: 9999;}@media only screen and (max-width: 767px) {.tatsu-row > .tatsu-BPLA41Ujd6.tatsu-column{width: 100%;}}<\/style><\/div><div  class=\"tatsu-column  tatsu-column-no-bg tatsu-one-half tatsu-column-align-middle tatsu-column-image-none tatsu-column-effect-none  tatsu-S18qUIWO1L\"  data-parallax-speed=\"0\" style=\"\"><div class=\"tatsu-column-inner \" ><div class=\"tatsu-column-pad-wrap\"><div class=\"tatsu-column-pad\" ><div  class=\"tatsu-module tatsu-text-block-wrap tatsu-NpJNe2cu8w  \"><div class=\"tatsu-text-inner tatsu-align-center  clearfix\" ><style>.tatsu-NpJNe2cu8w.tatsu-text-block-wrap .tatsu-text-inner{width: 100%;text-align: left;}<\/style>\n<h3>R\u00e9vision<\/h3>\n<p>Vous souhaitez v\u00e9rifier l&rsquo;exactitude et la qualit\u00e9 d&rsquo;une traduction ?<\/p>\n<p>Nous mettons notre savoir-faire \u00e0 votre disposition.<\/p>\n<p>La r\u00e9vision consiste \u00e0 comparer le document traduit au document source afin d&rsquo;identifier et de corriger les \u00e9ventuels oublis, coquilles, faux-sens, etc. Elle est indispensable pour s\u2019assurer que le message traduit est rest\u00e9 fid\u00e8le \u00e0 l\u2019original. Elle permet \u00e9galement de rendre le message idiomatique et de v\u00e9rifier que le traducteur a employ\u00e9 la terminologie appropri\u00e9e.<\/p>\n<\/div><\/div><\/div><\/div><div class = \"tatsu-column-bg-image-wrap\"><div class = \"tatsu-column-bg-image tatsu-bg-lazyload\" data-src = \"\"><\/div><\/div><\/div><style>.tatsu-row > .tatsu-S18qUIWO1L.tatsu-column{width: 50%;}.tatsu-S18qUIWO1L.tatsu-column > .tatsu-column-inner > .tatsu-column-overlay{mix-blend-mode: none;}.tatsu-S18qUIWO1L > .tatsu-column-inner > .tatsu-top-divider{z-index: 9999;}.tatsu-S18qUIWO1L > .tatsu-column-inner > .tatsu-bottom-divider{z-index: 9999;}.tatsu-S18qUIWO1L > .tatsu-column-inner > .tatsu-left-divider{z-index: 9999;}.tatsu-S18qUIWO1L > .tatsu-column-inner > .tatsu-right-divider{z-index: 9999;}@media only screen and (max-width: 767px) {.tatsu-row > .tatsu-S18qUIWO1L.tatsu-column{width: 100%;}}<\/style><\/div><\/div><\/div><\/div><div class=\"tatsu-section-background-wrap\"><div class = \"tatsu-section-background tatsu-bg-lazyload\" data-src = \"\"><\/div><\/div><style>.tatsu-BEzvYBLvN.tatsu-section{background-color: rgba(255,255,255,1);}.tatsu-BEzvYBLvN .tatsu-section-pad{padding: 31px 0px 90px 0px;}.tatsu-BEzvYBLvN > .tatsu-bottom-divider{z-index: 9999;}.tatsu-BEzvYBLvN > .tatsu-top-divider{z-index: 9999;}<\/style><\/div>\n","protected":false},"excerpt":{"rendered":"<div><a href=\"https:\/\/vistaword.com\/fr\/revision-correction-et-relecture-de-textes\/\" class=\"exp-read-more exp-read-more-underlined\">Read More<\/a><\/div>\n","protected":false},"author":1,"featured_media":0,"parent":0,"menu_order":0,"comment_status":"closed","ping_status":"closed","template":"","meta":{"footnotes":""},"class_list":["post-5039","page","type-page","status-publish","hentry"],"yoast_head":"<!-- This site is optimized with the Yoast SEO plugin v26.6 - https:\/\/yoast.com\/wordpress\/plugins\/seo\/ -->\n<title>Service de correction et relecture de traductions<\/title>\n<meta name=\"description\" content=\"Optimisez votre image de marque en v\u00e9rifiant la qualit\u00e9 de vos traductions et documents originaux. Orthographe, syntaxe, grammaire, expressions idiomatiques : Vistaword vous garantit un contenu irr\u00e9prochable.\" \/>\n<meta name=\"robots\" content=\"index, follow, max-snippet:-1, max-image-preview:large, max-video-preview:-1\" \/>\n<link rel=\"canonical\" href=\"https:\/\/vistaword.com\/fr\/revision-correction-et-relecture-de-textes\/\" \/>\n<meta property=\"og:locale\" content=\"fr_FR\" \/>\n<meta property=\"og:type\" content=\"article\" \/>\n<meta property=\"og:title\" content=\"Service de correction et relecture de traductions\" \/>\n<meta property=\"og:description\" content=\"Optimisez votre image de marque en v\u00e9rifiant la qualit\u00e9 de vos traductions et documents originaux. Orthographe, syntaxe, grammaire, expressions idiomatiques : Vistaword vous garantit un contenu irr\u00e9prochable.\" \/>\n<meta property=\"og:url\" content=\"https:\/\/vistaword.com\/fr\/revision-correction-et-relecture-de-textes\/\" \/>\n<meta property=\"og:site_name\" content=\"Vistaword\" \/>\n<meta property=\"article:modified_time\" content=\"2020-10-30T10:49:38+00:00\" \/>\n<meta name=\"twitter:card\" content=\"summary_large_image\" \/>\n<meta name=\"twitter:label1\" content=\"Dur\u00e9e de lecture estim\u00e9e\" \/>\n\t<meta name=\"twitter:data1\" content=\"13 minutes\" \/>\n<script type=\"application\/ld+json\" class=\"yoast-schema-graph\">{\"@context\":\"https:\/\/schema.org\",\"@graph\":[{\"@type\":\"WebPage\",\"@id\":\"https:\/\/vistaword.com\/fr\/revision-correction-et-relecture-de-textes\/\",\"url\":\"https:\/\/vistaword.com\/fr\/revision-correction-et-relecture-de-textes\/\",\"name\":\"Service de correction et relecture de traductions\",\"isPartOf\":{\"@id\":\"https:\/\/vistaword.com\/fr\/#website\"},\"datePublished\":\"2020-10-13T15:40:56+00:00\",\"dateModified\":\"2020-10-30T10:49:38+00:00\",\"description\":\"Optimisez votre image de marque en v\u00e9rifiant la qualit\u00e9 de vos traductions et documents originaux. Orthographe, syntaxe, grammaire, expressions idiomatiques : Vistaword vous garantit un contenu irr\u00e9prochable.\",\"breadcrumb\":{\"@id\":\"https:\/\/vistaword.com\/fr\/revision-correction-et-relecture-de-textes\/#breadcrumb\"},\"inLanguage\":\"fr-FR\",\"potentialAction\":[{\"@type\":\"ReadAction\",\"target\":[\"https:\/\/vistaword.com\/fr\/revision-correction-et-relecture-de-textes\/\"]}]},{\"@type\":\"BreadcrumbList\",\"@id\":\"https:\/\/vistaword.com\/fr\/revision-correction-et-relecture-de-textes\/#breadcrumb\",\"itemListElement\":[{\"@type\":\"ListItem\",\"position\":1,\"name\":\"Accueil\",\"item\":\"https:\/\/vistaword.com\/fr\/\"},{\"@type\":\"ListItem\",\"position\":2,\"name\":\"R\u00e9vision, correction et relecture de textes\"}]},{\"@type\":\"WebSite\",\"@id\":\"https:\/\/vistaword.com\/fr\/#website\",\"url\":\"https:\/\/vistaword.com\/fr\/\",\"name\":\"Vistaword\",\"description\":\"\",\"publisher\":{\"@id\":\"https:\/\/vistaword.com\/fr\/#organization\"},\"potentialAction\":[{\"@type\":\"SearchAction\",\"target\":{\"@type\":\"EntryPoint\",\"urlTemplate\":\"https:\/\/vistaword.com\/fr\/?s={search_term_string}\"},\"query-input\":{\"@type\":\"PropertyValueSpecification\",\"valueRequired\":true,\"valueName\":\"search_term_string\"}}],\"inLanguage\":\"fr-FR\"},{\"@type\":\"Organization\",\"@id\":\"https:\/\/vistaword.com\/fr\/#organization\",\"name\":\"VistaWord\",\"url\":\"https:\/\/vistaword.com\/fr\/\",\"logo\":{\"@type\":\"ImageObject\",\"inLanguage\":\"fr-FR\",\"@id\":\"https:\/\/vistaword.com\/fr\/#\/schema\/logo\/image\/\",\"url\":\"https:\/\/vistaword.com\/wp-content\/uploads\/2020\/10\/logovistaword-transparent.png\",\"contentUrl\":\"https:\/\/vistaword.com\/wp-content\/uploads\/2020\/10\/logovistaword-transparent.png\",\"width\":149,\"height\":97,\"caption\":\"VistaWord\"},\"image\":{\"@id\":\"https:\/\/vistaword.com\/fr\/#\/schema\/logo\/image\/\"}}]}<\/script>\n<!-- \/ Yoast SEO plugin. -->","yoast_head_json":{"title":"Service de correction et relecture de traductions","description":"Optimisez votre image de marque en v\u00e9rifiant la qualit\u00e9 de vos traductions et documents originaux. Orthographe, syntaxe, grammaire, expressions idiomatiques : Vistaword vous garantit un contenu irr\u00e9prochable.","robots":{"index":"index","follow":"follow","max-snippet":"max-snippet:-1","max-image-preview":"max-image-preview:large","max-video-preview":"max-video-preview:-1"},"canonical":"https:\/\/vistaword.com\/fr\/revision-correction-et-relecture-de-textes\/","og_locale":"fr_FR","og_type":"article","og_title":"Service de correction et relecture de traductions","og_description":"Optimisez votre image de marque en v\u00e9rifiant la qualit\u00e9 de vos traductions et documents originaux. Orthographe, syntaxe, grammaire, expressions idiomatiques : Vistaword vous garantit un contenu irr\u00e9prochable.","og_url":"https:\/\/vistaword.com\/fr\/revision-correction-et-relecture-de-textes\/","og_site_name":"Vistaword","article_modified_time":"2020-10-30T10:49:38+00:00","twitter_card":"summary_large_image","twitter_misc":{"Dur\u00e9e de lecture estim\u00e9e":"13 minutes"},"schema":{"@context":"https:\/\/schema.org","@graph":[{"@type":"WebPage","@id":"https:\/\/vistaword.com\/fr\/revision-correction-et-relecture-de-textes\/","url":"https:\/\/vistaword.com\/fr\/revision-correction-et-relecture-de-textes\/","name":"Service de correction et relecture de traductions","isPartOf":{"@id":"https:\/\/vistaword.com\/fr\/#website"},"datePublished":"2020-10-13T15:40:56+00:00","dateModified":"2020-10-30T10:49:38+00:00","description":"Optimisez votre image de marque en v\u00e9rifiant la qualit\u00e9 de vos traductions et documents originaux. Orthographe, syntaxe, grammaire, expressions idiomatiques : Vistaword vous garantit un contenu irr\u00e9prochable.","breadcrumb":{"@id":"https:\/\/vistaword.com\/fr\/revision-correction-et-relecture-de-textes\/#breadcrumb"},"inLanguage":"fr-FR","potentialAction":[{"@type":"ReadAction","target":["https:\/\/vistaword.com\/fr\/revision-correction-et-relecture-de-textes\/"]}]},{"@type":"BreadcrumbList","@id":"https:\/\/vistaword.com\/fr\/revision-correction-et-relecture-de-textes\/#breadcrumb","itemListElement":[{"@type":"ListItem","position":1,"name":"Accueil","item":"https:\/\/vistaword.com\/fr\/"},{"@type":"ListItem","position":2,"name":"R\u00e9vision, correction et relecture de textes"}]},{"@type":"WebSite","@id":"https:\/\/vistaword.com\/fr\/#website","url":"https:\/\/vistaword.com\/fr\/","name":"Vistaword","description":"","publisher":{"@id":"https:\/\/vistaword.com\/fr\/#organization"},"potentialAction":[{"@type":"SearchAction","target":{"@type":"EntryPoint","urlTemplate":"https:\/\/vistaword.com\/fr\/?s={search_term_string}"},"query-input":{"@type":"PropertyValueSpecification","valueRequired":true,"valueName":"search_term_string"}}],"inLanguage":"fr-FR"},{"@type":"Organization","@id":"https:\/\/vistaword.com\/fr\/#organization","name":"VistaWord","url":"https:\/\/vistaword.com\/fr\/","logo":{"@type":"ImageObject","inLanguage":"fr-FR","@id":"https:\/\/vistaword.com\/fr\/#\/schema\/logo\/image\/","url":"https:\/\/vistaword.com\/wp-content\/uploads\/2020\/10\/logovistaword-transparent.png","contentUrl":"https:\/\/vistaword.com\/wp-content\/uploads\/2020\/10\/logovistaword-transparent.png","width":149,"height":97,"caption":"VistaWord"},"image":{"@id":"https:\/\/vistaword.com\/fr\/#\/schema\/logo\/image\/"}}]}},"_links":{"self":[{"href":"https:\/\/vistaword.com\/fr\/wp-json\/wp\/v2\/pages\/5039\/"}],"collection":[{"href":"https:\/\/vistaword.com\/fr\/wp-json\/wp\/v2\/pages\/"}],"about":[{"href":"https:\/\/vistaword.com\/fr\/wp-json\/wp\/v2\/types\/page\/"}],"author":[{"embeddable":true,"href":"https:\/\/vistaword.com\/fr\/wp-json\/wp\/v2\/users\/1\/"}],"replies":[{"embeddable":true,"href":"https:\/\/vistaword.com\/fr\/wp-json\/wp\/v2\/comments\/?post=5039"}],"version-history":[{"count":9,"href":"https:\/\/vistaword.com\/fr\/wp-json\/wp\/v2\/pages\/5039\/revisions\/"}],"predecessor-version":[{"id":5389,"href":"https:\/\/vistaword.com\/fr\/wp-json\/wp\/v2\/pages\/5039\/revisions\/5389\/"}],"wp:attachment":[{"href":"https:\/\/vistaword.com\/fr\/wp-json\/wp\/v2\/media\/?parent=5039"}],"curies":[{"name":"wp","href":"https:\/\/api.w.org\/{rel}","templated":true}]}}