{"id":5045,"date":"2020-10-13T17:41:27","date_gmt":"2020-10-13T15:41:27","guid":{"rendered":"https:\/\/vistaword.com\/?page_id=5045"},"modified":"2020-10-30T11:51:41","modified_gmt":"2020-10-30T10:51:41","slug":"localisation","status":"publish","type":"page","link":"https:\/\/vistaword.com\/fr\/localisation\/","title":{"rendered":"Localisation"},"content":{"rendered":"<div  class=\"tatsu-FxlhdBl9y tatsu-section  tatsu-bg-overlay   tatsu-clearfix\" data-title=\"\"  data-headerscheme=\"background--dark\"><div class='tatsu-section-pad clearfix' data-padding='{\"d\":\"100px 0px 100px 0px\",\"l\":\"80px 0px 80px 0px\"}' data-padding-top='100px'><div class=\"tatsu-row-wrap  tatsu-wrap tatsu-row-one-col tatsu-row-has-one-cols tatsu-large-gutter tatsu-reg-cols  tatsu-clearfix tatsu-nY6S-Jj8Sj\" ><style>.tatsu-nY6S-Jj8Sj > .tatsu-row{margin-top: 0px;}.tatsu-nY6S-Jj8Sj.tatsu-row-wrap > .tatsu-row{margin-bottom: 0px;}<\/style><div  class=\"tatsu-row \" ><div  class=\"tatsu-column  tatsu-column-no-bg tatsu-one-col tatsu-column-align-middle tatsu-column-image-none tatsu-column-effect-none  tatsu-swzEJ2N8I3\"  data-parallax-speed=\"0\" style=\"\"><div class=\"tatsu-column-inner \" ><div class=\"tatsu-column-pad-wrap\"><div class=\"tatsu-column-pad\" ><div  class=\"tatsu-module tatsu-text-block-wrap tatsu-uPsbyXy92f  \"><div class=\"tatsu-text-inner tatsu-align-center  clearfix\" ><style>.tatsu-uPsbyXy92f.tatsu-text-block-wrap .tatsu-text-inner{width: 100%;text-align: left;}<\/style>\n<h1 style=\"text-align: center;\"><span style=\"color: #ffffff;\">Localisation<\/span><\/h1>\n<\/div><\/div><\/div><\/div><div class = \"tatsu-column-bg-image-wrap\"><div class = \"tatsu-column-bg-image tatsu-bg-lazyload\" data-src = \"\"><\/div><\/div><\/div><style>.tatsu-row > .tatsu-swzEJ2N8I3.tatsu-column{width: 100%;}.tatsu-swzEJ2N8I3.tatsu-column > .tatsu-column-inner > .tatsu-column-overlay{mix-blend-mode: none;}.tatsu-swzEJ2N8I3 > .tatsu-column-inner > .tatsu-top-divider{z-index: 9999;}.tatsu-swzEJ2N8I3 > .tatsu-column-inner > .tatsu-bottom-divider{z-index: 9999;}.tatsu-swzEJ2N8I3 > .tatsu-column-inner > .tatsu-left-divider{z-index: 9999;}.tatsu-swzEJ2N8I3 > .tatsu-column-inner > .tatsu-right-divider{z-index: 9999;}@media only screen and (max-width:1377px) {.tatsu-row > .tatsu-swzEJ2N8I3.tatsu-column{width: 100%;}}@media only screen and (min-width:768px) and (max-width: 1024px) {.tatsu-row > .tatsu-swzEJ2N8I3.tatsu-column{width: 100%;}}@media only screen and (max-width: 767px) {.tatsu-row > .tatsu-swzEJ2N8I3.tatsu-column{width: 100%;}}<\/style><\/div><\/div><\/div><\/div><div class=\"tatsu-section-background-wrap\"><div class = \"tatsu-bg-blur\" style = \"background-image : url(data:image\/jpeg;base64,\/9j\/4AAQSkZJRgABAQAAAQABAAD\/4QBKRXhpZgAASUkqAAgAAAABAJiCAgAmAAAAGgAAAAAAAADCqUJpbGxpb25QaG90b3MuY29tIC0gc3RvY2suYWRvYmUuY29tAAAA\/+0AVlBob3Rvc2hvcCAzLjAAOEJJTQQEAAAAAAA5HAFaAAMbJUccAgAAAgACHAJ0ACXCqUJpbGxpb25QaG90b3MuY29tIC0gc3RvY2suYWRvYmUuY29tAP\/hBCtodHRwOi8vbnMuYWRvYmUuY29tL3hhcC8xLjAvADw\/eHBhY2tldCBiZWdpbj0i77u\/IiBpZD0iVzVNME1wQ2VoaUh6cmVTek5UY3prYzlkIj8+IDx4OnhtcG1ldGEgeG1sbnM6eD0iYWRvYmU6bnM6bWV0YS8iIHg6eG1wdGs9IkFkb2JlIFhNUCBDb3JlIDUuMy1jMDExIDY2LjE0NTY2MSwgMjAxMi8wMi8wNi0xNDo1NjoyNyAgICAgICAgIj4gPHJkZjpSREYgeG1sbnM6cmRmPSJodHRwOi8vd3d3LnczLm9yZy8xOTk5LzAyLzIyLXJkZi1zeW50YXgtbnMjIj4gPHJkZjpEZXNjcmlwdGlvbiByZGY6YWJvdXQ9IiIgeG1sbnM6eG1wTU09Imh0dHA6Ly9ucy5hZG9iZS5jb20veGFwLzEuMC9tbS8iIHhtbG5zOnN0UmVmPSJodHRwOi8vbnMuYWRvYmUuY29tL3hhcC8xLjAvc1R5cGUvUmVzb3VyY2VSZWYjIiB4bWxuczp4bXA9Imh0dHA6Ly9ucy5hZG9iZS5jb20veGFwLzEuMC8iIHhtbG5zOmRjPSJodHRwOi8vcHVybC5vcmcvZGMvZWxlbWVudHMvMS4xLyIgeG1wTU06RG9jdW1lbnRJRD0ieG1wLmRpZDpFRTBBQUVGNTE1MjYxMUVCQUVCQkE0MTk5QjdFNDIwNSIgeG1wTU06SW5zdGFuY2VJRD0ieG1wLmlpZDpFRTBBQUVGNDE1MjYxMUVCQUVCQkE0MTk5QjdFNDIwNSIgeG1wOkNyZWF0b3JUb29sPSJBZG9iZSBQaG90b3Nob3AgQ1M2IFdpbmRvd3MiPiA8eG1wTU06RGVyaXZlZEZyb20gc3RSZWY6aW5zdGFuY2VJRD0ieG1wLmlpZDo1MTU3MzI3MzBGQkUxMUVCOTQ3NUE1QzUyMDIxMjJDRiIgc3RSZWY6ZG9jdW1lbnRJRD0ieG1wLmRpZDo1MTU3MzI3NDBGQkUxMUVCOTQ3NUE1QzUyMDIxMjJDRiIvPiA8ZGM6cmlnaHRzPiA8cmRmOkFsdD4gPHJkZjpsaSB4bWw6bGFuZz0ieC1kZWZhdWx0Ij7CqUJpbGxpb25QaG90b3MuY29tIC0gc3RvY2suYWRvYmUuY29tPC9yZGY6bGk+IDwvcmRmOkFsdD4gPC9kYzpyaWdodHM+IDxkYzp0aXRsZT4gPHJkZjpBbHQ+IDxyZGY6bGkgeG1sOmxhbmc9IngtZGVmYXVsdCI+QnVpbGRpbmcuPC9yZGY6bGk+IDwvcmRmOkFsdD4gPC9kYzp0aXRsZT4gPC9yZGY6RGVzY3JpcHRpb24+IDwvcmRmOlJERj4gPC94OnhtcG1ldGE+IDw\/eHBhY2tldCBlbmQ9InIiPz7\/2wBDAAYEBAUEBAYFBQUGBgYHCQ4JCQgICRINDQoOFRIWFhUSFBQXGiEcFxgfGRQUHScdHyIjJSUlFhwpLCgkKyEkJST\/2wBDAQYGBgkICREJCREkGBQYJCQkJCQkJCQkJCQkJCQkJCQkJCQkJCQkJCQkJCQkJCQkJCQkJCQkJCQkJCQkJCQkJCT\/wAARCAAXADIDAREAAhEBAxEB\/8QAGAAAAwEBAAAAAAAAAAAAAAAABQYHBAj\/xAAvEAACAQMCBAQFBAMAAAAAAAABAgMEBREAEgYhMXEiQVFhBxMUgaEVI1JTkdHh\/8QAGQEAAwEBAQAAAAAAAAAAAAAAAgMEAQUA\/8QAHxEAAgICAwEBAQAAAAAAAAAAAAECEQMhEiIyMVET\/9oADAMBAAIRAxEAPwCscRXiGxzU1Bb6COavqeaKsWVjX+TAeWe2uhCHLbeiCc1HSWwZd+Mrhws9I90ghlgkcpL8oYZB5MOffl6eejWJT8gSyuHoZqu40q21biH30zhWDpzyGIAPbnpKTuhzqrQCu16tlHMYZ6uJZMIdueeGbaD2zy06AqQDqLvSVO9KYvKwUtkIQBjv5aoimIk0I\/E9ykjZ4FpjI+M5HTGT\/rVKdLRO1b2QyvsMj11S\/wAlhulY42n1OuRPE+TOpDL1R3g8afUSMAN5wCeWen\/dYvhrWyV\/E2+22O\/Q0dXRmtSKIl0D7NjMc5BA64xqzBF8bRJnkuVMN8Kr+s\/DWekXO1454YwGJKg5wM+oJx9tKzKpjcT6GaGxTU+76Oihp4ZE8G7w\/K5I68uuA+8Ee+tiz0kYaihp7dC1XdqxItrOFAwo255DPU8v8+mnqX4TuP6IHFXHVOWMFrpjNI2QHZevYdTo\/wCrjpfQVj5bfwQZIuIJJGcxAFiTjw6nayvY9PGjru+1EtpYXaNDLTFQlRGCAVGeTjPXGcEdvTU8FfUfN12E7jnguhvNRUXRJphWPEFSMEbWfouc\/YaoxZGlQjJjTdhmkFHwDwnBFWy7UgX911Utudjk4A99Kk+crGRXCNCJxB8T6qdXFtgFLF\/dL4nI9lHIfnVUcFK5E8s16iJdLSXTjGVqtqlhAGKtUTNuY+yr5fjRLfkB69BBrNQ2eIinjzIR4pX5u331RCCirEzm5OgC58bd9LDR\/9k=);\"\"><\/div><div class = \"tatsu-section-background tatsu-bg-lazyload\" data-src = \"https:\/\/vistaword.com\/wp-content\/uploads\/2020\/10\/bandeau-localisation.jpg\"><\/div><\/div><div class=\"tatsu-overlay tatsu-section-overlay\"><\/div><style>.tatsu-FxlhdBl9y.tatsu-section{background-color: rgba(185,185,185,1);}.tatsu-FxlhdBl9y .tatsu-section-background{background-image: url(https:\/\/vistaword.com\/wp-content\/uploads\/2020\/10\/bandeau-localisation.jpg);background-repeat: no-repeat;background-attachment: scroll;background-position: center center;background-size: cover;}.tatsu-FxlhdBl9y .tatsu-bg-blur{background-repeat: no-repeat;background-attachment: scroll;background-position: center center;background-size: cover;}.tatsu-FxlhdBl9y .tatsu-section-pad{padding: 100px 0px 100px 0px;}.tatsu-FxlhdBl9y > .tatsu-bottom-divider{z-index: 9999;}.tatsu-FxlhdBl9y > .tatsu-top-divider{z-index: 9999;}.tatsu-FxlhdBl9y .tatsu-section-overlay{background: linear-gradient(45deg, rgba(0,0,0,0.5) 0%, rgba(0,0,0,0.3) 100%);mix-blend-mode: normal;}@media only screen and (max-width:1377px) {.tatsu-FxlhdBl9y .tatsu-section-pad{padding: 80px 0px 80px 0px;}}@media only screen and (max-width: 767px) {.tatsu-FxlhdBl9y .tatsu-section-background{background-position: bottom right;}.tatsu-FxlhdBl9y .tatsu-bg-blur{background-position: bottom right;}}<\/style><\/div><div  class=\"tatsu-q0npmkEQJ tatsu-section    tatsu-clearfix\" data-title=\"\"  data-headerscheme=\"background--dark\"><div class='tatsu-section-pad clearfix' data-padding='{\"d\":\"90px 0px 90px 0px\"}' data-padding-top='90px'><div class=\"tatsu-row-wrap  tatsu-wrap tatsu-row-has-one-half tatsu-row-has-two-cols tatsu-medium-gutter tatsu-reg-cols  tatsu-clearfix tatsu-mOQ603hxxZ\" ><style>.tatsu-mOQ603hxxZ > .tatsu-row{margin-top: 0px;}.tatsu-mOQ603hxxZ.tatsu-row-wrap > .tatsu-row{margin-bottom: 40px;}<\/style><div  class=\"tatsu-row \" ><div  class=\"tatsu-column  tatsu-column-no-bg tatsu-one-half tatsu-column-image-none tatsu-column-effect-none  tatsu-sRyjOao3Mq\"  data-parallax-speed=\"0\" style=\"\"><div class=\"tatsu-column-inner \" ><div class=\"tatsu-column-pad-wrap\"><div class=\"tatsu-column-pad\" ><div  class=\"tatsu-single-image tatsu-module align-left tatsu-image-lazyload tatsu-image-overflow  tatsu-L91kHlvD56  \" ><div class=\"tatsu-single-image-inner \" style=\"\" ><div class = \"tatsu-single-image-padding-wrap\" style = \"padding-bottom : 70.909090909091%;\" ><\/div><img class = \"tatsu-gradient-border\" alt = \"\" title = \"pour-illustrer-localisation2\" data-src = \"https:\/\/vistaword.com\/wp-content\/uploads\/2020\/10\/pour-illustrer-localisation2.jpg\" src =\"data:image\/png;base64,iVBORw0KGgoAAAANSUhEUgAAAAEAAAABCAQAAAC1HAwCAAAAC0lEQVR42mNkYAAAAAYAAjCB0C8AAAAASUVORK5CYII=\"  \/><\/div><style>.tatsu-L91kHlvD56 .tatsu-single-image-inner{border-style: solid;width: 180%;}.tatsu-L91kHlvD56.tatsu-single-image{transform: translate3d(0px,0px, 0);}@media only screen and (min-width:768px) and (max-width: 1024px) {.tatsu-L91kHlvD56 .tatsu-single-image-inner{width: 100%;}}@media only screen and (max-width: 767px) {.tatsu-L91kHlvD56 .tatsu-single-image-inner{width: 100%;}}<\/style><\/div><\/div><\/div><div class = \"tatsu-column-bg-image-wrap\"><div class = \"tatsu-column-bg-image tatsu-bg-lazyload\" data-src = \"\"><\/div><\/div><\/div><style>.tatsu-row > .tatsu-sRyjOao3Mq.tatsu-column{width: 50%;}.tatsu-sRyjOao3Mq.tatsu-column > .tatsu-column-inner > .tatsu-column-overlay{mix-blend-mode: none;}.tatsu-sRyjOao3Mq > .tatsu-column-inner > .tatsu-top-divider{z-index: 9999;}.tatsu-sRyjOao3Mq > .tatsu-column-inner > .tatsu-bottom-divider{z-index: 9999;}.tatsu-sRyjOao3Mq > .tatsu-column-inner > .tatsu-left-divider{z-index: 9999;}.tatsu-sRyjOao3Mq > .tatsu-column-inner > .tatsu-right-divider{z-index: 9999;}@media only screen and (max-width:1377px) {.tatsu-row > .tatsu-sRyjOao3Mq.tatsu-column{width: 50%;}}@media only screen and (min-width:768px) and (max-width: 1024px) {.tatsu-row > .tatsu-sRyjOao3Mq.tatsu-column{width: 100%;}.tatsu-sRyjOao3Mq.tatsu-column{margin: 0px 0px 0px 0px !important;}}@media only screen and (max-width: 767px) {.tatsu-row > .tatsu-sRyjOao3Mq.tatsu-column{width: 100%;}.tatsu-sRyjOao3Mq.tatsu-column{margin: 0px 0px 0px 0px !important;}}<\/style><\/div><div  class=\"tatsu-column  tatsu-one-half tatsu-column-align-middle tatsu-column-image-none tatsu-column-effect-none  tatsu-Rk91M-Qi3Z\"  data-parallax-speed=\"0\" style=\"\"><div class=\"tatsu-column-inner \" ><div class=\"tatsu-column-pad-wrap\"><div class=\"tatsu-column-pad\" ><div  class=\"tatsu-module tatsu-text-block-wrap tatsu-wC52lqo27  \"><div class=\"tatsu-text-inner tatsu-align-center  clearfix\" ><style>.tatsu-wC52lqo27.tatsu-text-block-wrap .tatsu-text-inner{width: 100%;text-align: left;}<\/style>\n<h4><strong>Vous avez besoin de faire traduire un site internet ou un logiciel ?<\/strong><\/h4>\n<\/div><\/div><div  class=\"tatsu-module tatsu-divider-wrap  tatsu-fobsj0pmMN   \"  ><style>.tatsu-fobsj0pmMN .tatsu-divider{height: 3px;width: 10%;background: rgba(0,126,255,1);}.tatsu-fobsj0pmMN.tatsu-divider-wrap{text-align: left;margin: 0px 0px 30px 0px ;}<\/style><hr class=\"tatsu-divider\"\/><\/div><div  class=\"tatsu-module tatsu-text-block-wrap tatsu-IyaADsKFk  \"><div class=\"tatsu-text-inner tatsu-align-center  clearfix\" ><style>.tatsu-IyaADsKFk.tatsu-text-block-wrap .tatsu-text-inner{width: 100%;text-align: left;}<\/style>\n<p>La localisation consiste \u00e0 adapter votre contenu (textes, devises, dates, URL\u2026) au(x) march\u00e9(s) cible(s) en tenant compte des r\u00e8gles et normes propres au(x) march\u00e9(s) en question. Il s\u2019agit d\u2019\u00eatre en ad\u00e9quation avec le contexte culturel et linguistique des utilisateurs ou consommateurs cibl\u00e9s, tout en conservant l\u2019intention du message initial.<\/p>\n<p>Vistaword vous livrera la traduction de votre site internet sur un fichier texte (g\u00e9n\u00e9ralement Word ou Excel) pour vous permettre d\u2019effectuer une v\u00e9rification avant sa mise en ligne. Bien s\u00fbr, vous restez propri\u00e9taire de votre site.<\/p>\n<\/div><\/div><\/div><\/div><div class = \"tatsu-column-bg-image-wrap\"><div class = \"tatsu-column-bg-image tatsu-bg-lazyload\" data-src = \"\"><\/div><\/div><\/div><style>.tatsu-row > .tatsu-Rk91M-Qi3Z.tatsu-column{width: 50%;}.tatsu-Rk91M-Qi3Z.tatsu-column > .tatsu-column-inner{background-color: rgba(255,255,255,1);box-shadow: 0px 5px 30px 0px rgba(214,215,216,0.57);}.tatsu-Rk91M-Qi3Z.tatsu-column > .tatsu-column-inner > .tatsu-column-pad-wrap > .tatsu-column-pad{padding: 60px 60px 60px 60px;}.tatsu-Rk91M-Qi3Z.tatsu-column > .tatsu-column-inner > .tatsu-column-overlay{mix-blend-mode: none;}.tatsu-Rk91M-Qi3Z > .tatsu-column-inner > .tatsu-top-divider{z-index: 9999;}.tatsu-Rk91M-Qi3Z > .tatsu-column-inner > .tatsu-bottom-divider{z-index: 9999;}.tatsu-Rk91M-Qi3Z > .tatsu-column-inner > .tatsu-left-divider{z-index: 9999;}.tatsu-Rk91M-Qi3Z > .tatsu-column-inner > .tatsu-right-divider{z-index: 9999;}@media only screen and (max-width:1377px) {.tatsu-row > .tatsu-Rk91M-Qi3Z.tatsu-column{width: 50%;}}@media only screen and (min-width:768px) and (max-width: 1024px) {.tatsu-row > .tatsu-Rk91M-Qi3Z.tatsu-column{width: 100%;}}@media only screen and (max-width: 767px) {.tatsu-row > .tatsu-Rk91M-Qi3Z.tatsu-column{width: 100%;}.tatsu-Rk91M-Qi3Z.tatsu-column > .tatsu-column-inner > .tatsu-column-pad-wrap > .tatsu-column-pad{padding: 40px 20px 40px 20px;}}<\/style><\/div><\/div><\/div><\/div><div class=\"tatsu-section-background-wrap\"><div class = \"tatsu-section-background tatsu-bg-lazyload\" data-src = \"\"><\/div><\/div><style>.tatsu-q0npmkEQJ .tatsu-section-pad{padding: 90px 0px 90px 0px;}.tatsu-q0npmkEQJ > .tatsu-bottom-divider{z-index: 9999;}.tatsu-q0npmkEQJ > .tatsu-top-divider{z-index: 9999;}<\/style><\/div>\n","protected":false},"excerpt":{"rendered":"<div><a href=\"https:\/\/vistaword.com\/fr\/localisation\/\" class=\"exp-read-more exp-read-more-underlined\">Read More<\/a><\/div>\n","protected":false},"author":1,"featured_media":0,"parent":0,"menu_order":0,"comment_status":"closed","ping_status":"closed","template":"","meta":{"footnotes":""},"class_list":["post-5045","page","type-page","status-publish","hentry"],"yoast_head":"<!-- This site is optimized with the Yoast SEO plugin v26.6 - https:\/\/yoast.com\/wordpress\/plugins\/seo\/ -->\n<title>Traduction de site internet et localisation \u2013 Vistaword<\/title>\n<meta name=\"description\" content=\"Confiez-nous la traduction de votre site internet pour \u00eatre s\u00fbr que son contenu soit parfaitement localis\u00e9 et adapt\u00e9 aux utilisateurs ou consommateurs cibl\u00e9s.\" \/>\n<meta name=\"robots\" content=\"index, follow, max-snippet:-1, max-image-preview:large, max-video-preview:-1\" \/>\n<link rel=\"canonical\" href=\"https:\/\/vistaword.com\/fr\/localisation\/\" \/>\n<meta property=\"og:locale\" content=\"fr_FR\" \/>\n<meta property=\"og:type\" content=\"article\" \/>\n<meta property=\"og:title\" content=\"Traduction de site internet et localisation \u2013 Vistaword\" \/>\n<meta property=\"og:description\" content=\"Confiez-nous la traduction de votre site internet pour \u00eatre s\u00fbr que son contenu soit parfaitement localis\u00e9 et adapt\u00e9 aux utilisateurs ou consommateurs cibl\u00e9s.\" \/>\n<meta property=\"og:url\" content=\"https:\/\/vistaword.com\/fr\/localisation\/\" \/>\n<meta property=\"og:site_name\" content=\"Vistaword\" \/>\n<meta property=\"article:modified_time\" content=\"2020-10-30T10:51:41+00:00\" \/>\n<meta name=\"twitter:card\" content=\"summary_large_image\" \/>\n<meta name=\"twitter:label1\" content=\"Dur\u00e9e de lecture estim\u00e9e\" \/>\n\t<meta name=\"twitter:data1\" content=\"10 minutes\" \/>\n<script type=\"application\/ld+json\" class=\"yoast-schema-graph\">{\"@context\":\"https:\/\/schema.org\",\"@graph\":[{\"@type\":\"WebPage\",\"@id\":\"https:\/\/vistaword.com\/fr\/localisation\/\",\"url\":\"https:\/\/vistaword.com\/fr\/localisation\/\",\"name\":\"Traduction de site internet et localisation \u2013 Vistaword\",\"isPartOf\":{\"@id\":\"https:\/\/vistaword.com\/fr\/#website\"},\"datePublished\":\"2020-10-13T15:41:27+00:00\",\"dateModified\":\"2020-10-30T10:51:41+00:00\",\"description\":\"Confiez-nous la traduction de votre site internet pour \u00eatre s\u00fbr que son contenu soit parfaitement localis\u00e9 et adapt\u00e9 aux utilisateurs ou consommateurs cibl\u00e9s.\",\"breadcrumb\":{\"@id\":\"https:\/\/vistaword.com\/fr\/localisation\/#breadcrumb\"},\"inLanguage\":\"fr-FR\",\"potentialAction\":[{\"@type\":\"ReadAction\",\"target\":[\"https:\/\/vistaword.com\/fr\/localisation\/\"]}]},{\"@type\":\"BreadcrumbList\",\"@id\":\"https:\/\/vistaword.com\/fr\/localisation\/#breadcrumb\",\"itemListElement\":[{\"@type\":\"ListItem\",\"position\":1,\"name\":\"Accueil\",\"item\":\"https:\/\/vistaword.com\/fr\/\"},{\"@type\":\"ListItem\",\"position\":2,\"name\":\"Localisation\"}]},{\"@type\":\"WebSite\",\"@id\":\"https:\/\/vistaword.com\/fr\/#website\",\"url\":\"https:\/\/vistaword.com\/fr\/\",\"name\":\"Vistaword\",\"description\":\"\",\"publisher\":{\"@id\":\"https:\/\/vistaword.com\/fr\/#organization\"},\"potentialAction\":[{\"@type\":\"SearchAction\",\"target\":{\"@type\":\"EntryPoint\",\"urlTemplate\":\"https:\/\/vistaword.com\/fr\/?s={search_term_string}\"},\"query-input\":{\"@type\":\"PropertyValueSpecification\",\"valueRequired\":true,\"valueName\":\"search_term_string\"}}],\"inLanguage\":\"fr-FR\"},{\"@type\":\"Organization\",\"@id\":\"https:\/\/vistaword.com\/fr\/#organization\",\"name\":\"VistaWord\",\"url\":\"https:\/\/vistaword.com\/fr\/\",\"logo\":{\"@type\":\"ImageObject\",\"inLanguage\":\"fr-FR\",\"@id\":\"https:\/\/vistaword.com\/fr\/#\/schema\/logo\/image\/\",\"url\":\"https:\/\/vistaword.com\/wp-content\/uploads\/2020\/10\/logovistaword-transparent.png\",\"contentUrl\":\"https:\/\/vistaword.com\/wp-content\/uploads\/2020\/10\/logovistaword-transparent.png\",\"width\":149,\"height\":97,\"caption\":\"VistaWord\"},\"image\":{\"@id\":\"https:\/\/vistaword.com\/fr\/#\/schema\/logo\/image\/\"}}]}<\/script>\n<!-- \/ Yoast SEO plugin. -->","yoast_head_json":{"title":"Traduction de site internet et localisation \u2013 Vistaword","description":"Confiez-nous la traduction de votre site internet pour \u00eatre s\u00fbr que son contenu soit parfaitement localis\u00e9 et adapt\u00e9 aux utilisateurs ou consommateurs cibl\u00e9s.","robots":{"index":"index","follow":"follow","max-snippet":"max-snippet:-1","max-image-preview":"max-image-preview:large","max-video-preview":"max-video-preview:-1"},"canonical":"https:\/\/vistaword.com\/fr\/localisation\/","og_locale":"fr_FR","og_type":"article","og_title":"Traduction de site internet et localisation \u2013 Vistaword","og_description":"Confiez-nous la traduction de votre site internet pour \u00eatre s\u00fbr que son contenu soit parfaitement localis\u00e9 et adapt\u00e9 aux utilisateurs ou consommateurs cibl\u00e9s.","og_url":"https:\/\/vistaword.com\/fr\/localisation\/","og_site_name":"Vistaword","article_modified_time":"2020-10-30T10:51:41+00:00","twitter_card":"summary_large_image","twitter_misc":{"Dur\u00e9e de lecture estim\u00e9e":"10 minutes"},"schema":{"@context":"https:\/\/schema.org","@graph":[{"@type":"WebPage","@id":"https:\/\/vistaword.com\/fr\/localisation\/","url":"https:\/\/vistaword.com\/fr\/localisation\/","name":"Traduction de site internet et localisation \u2013 Vistaword","isPartOf":{"@id":"https:\/\/vistaword.com\/fr\/#website"},"datePublished":"2020-10-13T15:41:27+00:00","dateModified":"2020-10-30T10:51:41+00:00","description":"Confiez-nous la traduction de votre site internet pour \u00eatre s\u00fbr que son contenu soit parfaitement localis\u00e9 et adapt\u00e9 aux utilisateurs ou consommateurs cibl\u00e9s.","breadcrumb":{"@id":"https:\/\/vistaword.com\/fr\/localisation\/#breadcrumb"},"inLanguage":"fr-FR","potentialAction":[{"@type":"ReadAction","target":["https:\/\/vistaword.com\/fr\/localisation\/"]}]},{"@type":"BreadcrumbList","@id":"https:\/\/vistaword.com\/fr\/localisation\/#breadcrumb","itemListElement":[{"@type":"ListItem","position":1,"name":"Accueil","item":"https:\/\/vistaword.com\/fr\/"},{"@type":"ListItem","position":2,"name":"Localisation"}]},{"@type":"WebSite","@id":"https:\/\/vistaword.com\/fr\/#website","url":"https:\/\/vistaword.com\/fr\/","name":"Vistaword","description":"","publisher":{"@id":"https:\/\/vistaword.com\/fr\/#organization"},"potentialAction":[{"@type":"SearchAction","target":{"@type":"EntryPoint","urlTemplate":"https:\/\/vistaword.com\/fr\/?s={search_term_string}"},"query-input":{"@type":"PropertyValueSpecification","valueRequired":true,"valueName":"search_term_string"}}],"inLanguage":"fr-FR"},{"@type":"Organization","@id":"https:\/\/vistaword.com\/fr\/#organization","name":"VistaWord","url":"https:\/\/vistaword.com\/fr\/","logo":{"@type":"ImageObject","inLanguage":"fr-FR","@id":"https:\/\/vistaword.com\/fr\/#\/schema\/logo\/image\/","url":"https:\/\/vistaword.com\/wp-content\/uploads\/2020\/10\/logovistaword-transparent.png","contentUrl":"https:\/\/vistaword.com\/wp-content\/uploads\/2020\/10\/logovistaword-transparent.png","width":149,"height":97,"caption":"VistaWord"},"image":{"@id":"https:\/\/vistaword.com\/fr\/#\/schema\/logo\/image\/"}}]}},"_links":{"self":[{"href":"https:\/\/vistaword.com\/fr\/wp-json\/wp\/v2\/pages\/5045\/"}],"collection":[{"href":"https:\/\/vistaword.com\/fr\/wp-json\/wp\/v2\/pages\/"}],"about":[{"href":"https:\/\/vistaword.com\/fr\/wp-json\/wp\/v2\/types\/page\/"}],"author":[{"embeddable":true,"href":"https:\/\/vistaword.com\/fr\/wp-json\/wp\/v2\/users\/1\/"}],"replies":[{"embeddable":true,"href":"https:\/\/vistaword.com\/fr\/wp-json\/wp\/v2\/comments\/?post=5045"}],"version-history":[{"count":7,"href":"https:\/\/vistaword.com\/fr\/wp-json\/wp\/v2\/pages\/5045\/revisions\/"}],"predecessor-version":[{"id":5381,"href":"https:\/\/vistaword.com\/fr\/wp-json\/wp\/v2\/pages\/5045\/revisions\/5381\/"}],"wp:attachment":[{"href":"https:\/\/vistaword.com\/fr\/wp-json\/wp\/v2\/media\/?parent=5045"}],"curies":[{"name":"wp","href":"https:\/\/api.w.org\/{rel}","templated":true}]}}