{"id":5047,"date":"2020-10-13T17:41:38","date_gmt":"2020-10-13T15:41:38","guid":{"rendered":"https:\/\/vistaword.com\/?page_id=5047"},"modified":"2020-10-30T11:52:18","modified_gmt":"2020-10-30T10:52:18","slug":"interpretation-consecutive","status":"publish","type":"page","link":"https:\/\/vistaword.com\/fr\/interpretation-consecutive\/","title":{"rendered":"Interpr\u00e9tation cons\u00e9cutive"},"content":{"rendered":"<div  class=\"tatsu-GQmtAkqxc tatsu-section  tatsu-bg-overlay   tatsu-clearfix\" data-title=\"\"  data-headerscheme=\"background--dark\"><div class='tatsu-section-pad clearfix' data-padding='{\"d\":\"100px 0px 100px 0px\",\"l\":\"80px 0px 80px 0px\"}' data-padding-top='100px'><div class=\"tatsu-row-wrap  tatsu-wrap tatsu-row-one-col tatsu-row-has-one-cols tatsu-large-gutter tatsu-reg-cols  tatsu-clearfix tatsu-xKV6JHo5sH\" ><style>.tatsu-xKV6JHo5sH > .tatsu-row{margin-top: 0px;}.tatsu-xKV6JHo5sH.tatsu-row-wrap > .tatsu-row{margin-bottom: 0px;}<\/style><div  class=\"tatsu-row \" ><div  class=\"tatsu-column  tatsu-column-no-bg tatsu-one-col tatsu-column-align-middle tatsu-column-image-none tatsu-column-effect-none  tatsu-9bkvCbJRtz\"  data-parallax-speed=\"0\" style=\"\"><div class=\"tatsu-column-inner \" ><div class=\"tatsu-column-pad-wrap\"><div class=\"tatsu-column-pad\" ><div  class=\"tatsu-module tatsu-text-block-wrap tatsu-HDrEwvTJ-8  \"><div class=\"tatsu-text-inner tatsu-align-center  clearfix\" ><style>.tatsu-HDrEwvTJ-8.tatsu-text-block-wrap .tatsu-text-inner{width: 100%;text-align: left;}<\/style>\n<h1 style=\"text-align: center;\"><span style=\"color: #ffffff;\">Interpr\u00e9tation cons\u00e9cutive<\/span><\/h1>\n<\/div><\/div><\/div><\/div><div class = \"tatsu-column-bg-image-wrap\"><div class = \"tatsu-column-bg-image tatsu-bg-lazyload\" data-src = \"\"><\/div><\/div><\/div><style>.tatsu-row > .tatsu-9bkvCbJRtz.tatsu-column{width: 100%;}.tatsu-9bkvCbJRtz.tatsu-column > .tatsu-column-inner > .tatsu-column-overlay{mix-blend-mode: none;}.tatsu-9bkvCbJRtz > .tatsu-column-inner > .tatsu-top-divider{z-index: 9999;}.tatsu-9bkvCbJRtz > .tatsu-column-inner > .tatsu-bottom-divider{z-index: 9999;}.tatsu-9bkvCbJRtz > .tatsu-column-inner > .tatsu-left-divider{z-index: 9999;}.tatsu-9bkvCbJRtz > .tatsu-column-inner > .tatsu-right-divider{z-index: 9999;}@media only screen and (max-width:1377px) {.tatsu-row > .tatsu-9bkvCbJRtz.tatsu-column{width: 100%;}}@media only screen and (min-width:768px) and (max-width: 1024px) {.tatsu-row > .tatsu-9bkvCbJRtz.tatsu-column{width: 100%;}}@media only screen and (max-width: 767px) {.tatsu-row > .tatsu-9bkvCbJRtz.tatsu-column{width: 100%;}}<\/style><\/div><\/div><\/div><\/div><div class=\"tatsu-section-background-wrap\"><div class = \"tatsu-bg-blur\" style = \"background-image : url(data:image\/jpeg;base64,\/9j\/4AAQSkZJRgABAQAAAQABAAD\/4QBKRXhpZgAASUkqAAgAAAABAJiCAgAmAAAAGgAAAAAAAADCqUJpbGxpb25QaG90b3MuY29tIC0gc3RvY2suYWRvYmUuY29tAAAA\/+0AVlBob3Rvc2hvcCAzLjAAOEJJTQQEAAAAAAA5HAFaAAMbJUccAgAAAgACHAJ0ACXCqUJpbGxpb25QaG90b3MuY29tIC0gc3RvY2suYWRvYmUuY29tAP\/hBCtodHRwOi8vbnMuYWRvYmUuY29tL3hhcC8xLjAvADw\/eHBhY2tldCBiZWdpbj0i77u\/IiBpZD0iVzVNME1wQ2VoaUh6cmVTek5UY3prYzlkIj8+IDx4OnhtcG1ldGEgeG1sbnM6eD0iYWRvYmU6bnM6bWV0YS8iIHg6eG1wdGs9IkFkb2JlIFhNUCBDb3JlIDUuMy1jMDExIDY2LjE0NTY2MSwgMjAxMi8wMi8wNi0xNDo1NjoyNyAgICAgICAgIj4gPHJkZjpSREYgeG1sbnM6cmRmPSJodHRwOi8vd3d3LnczLm9yZy8xOTk5LzAyLzIyLXJkZi1zeW50YXgtbnMjIj4gPHJkZjpEZXNjcmlwdGlvbiByZGY6YWJvdXQ9IiIgeG1sbnM6eG1wTU09Imh0dHA6Ly9ucy5hZG9iZS5jb20veGFwLzEuMC9tbS8iIHhtbG5zOnN0UmVmPSJodHRwOi8vbnMuYWRvYmUuY29tL3hhcC8xLjAvc1R5cGUvUmVzb3VyY2VSZWYjIiB4bWxuczp4bXA9Imh0dHA6Ly9ucy5hZG9iZS5jb20veGFwLzEuMC8iIHhtbG5zOmRjPSJodHRwOi8vcHVybC5vcmcvZGMvZWxlbWVudHMvMS4xLyIgeG1wTU06RG9jdW1lbnRJRD0ieG1wLmRpZDo3ODlCMzgwMTEzOUIxMUVCOTdBQUFBNDFFNDZDMTU2NiIgeG1wTU06SW5zdGFuY2VJRD0ieG1wLmlpZDo3ODlCMzgwMDEzOUIxMUVCOTdBQUFBNDFFNDZDMTU2NiIgeG1wOkNyZWF0b3JUb29sPSJBZG9iZSBQaG90b3Nob3AgQ1M2IFdpbmRvd3MiPiA8eG1wTU06RGVyaXZlZEZyb20gc3RSZWY6aW5zdGFuY2VJRD0ieG1wLmlpZDo1MTU3MzI3MzBGQkUxMUVCOTQ3NUE1QzUyMDIxMjJDRiIgc3RSZWY6ZG9jdW1lbnRJRD0ieG1wLmRpZDo1MTU3MzI3NDBGQkUxMUVCOTQ3NUE1QzUyMDIxMjJDRiIvPiA8ZGM6cmlnaHRzPiA8cmRmOkFsdD4gPHJkZjpsaSB4bWw6bGFuZz0ieC1kZWZhdWx0Ij7CqUJpbGxpb25QaG90b3MuY29tIC0gc3RvY2suYWRvYmUuY29tPC9yZGY6bGk+IDwvcmRmOkFsdD4gPC9kYzpyaWdodHM+IDxkYzp0aXRsZT4gPHJkZjpBbHQ+IDxyZGY6bGkgeG1sOmxhbmc9IngtZGVmYXVsdCI+QnVpbGRpbmcuPC9yZGY6bGk+IDwvcmRmOkFsdD4gPC9kYzp0aXRsZT4gPC9yZGY6RGVzY3JpcHRpb24+IDwvcmRmOlJERj4gPC94OnhtcG1ldGE+IDw\/eHBhY2tldCBlbmQ9InIiPz7\/2wBDAAYEBAUEBAYFBQUGBgYHCQ4JCQgICRINDQoOFRIWFhUSFBQXGiEcFxgfGRQUHScdHyIjJSUlFhwpLCgkKyEkJST\/2wBDAQYGBgkICREJCREkGBQYJCQkJCQkJCQkJCQkJCQkJCQkJCQkJCQkJCQkJCQkJCQkJCQkJCQkJCQkJCQkJCQkJCT\/wAARCAAZADIDAREAAhEBAxEB\/8QAGQAAAwEBAQAAAAAAAAAAAAAABAUGAwcI\/8QAOBAAAQMDAQQECgsAAAAAAAAAAQIDBAAFERIGByEiMUFRkQgTFDI2YXFzsbIVIyQzNDVScnShwv\/EABkBAAIDAQAAAAAAAAAAAAAAAAMEAAIFAf\/EACERAAIDAAICAwEBAAAAAAAAAAABAgMRITEEMhJBURNh\/9oADAMBAAIRAxEAPwDuEK\/2tV\/+g\/rvKgdOdHJqxnGafnJ5pn01le1HQlzQU8AM5pRzY\/GOI2IbRwVhI9dUci619A86Y1BSlSmlrz+nqqrnnYWqqVm4zO4uwYUVUmWopa4dRJJ9lEU2A\/m5PELmpljfeaaYlsF91GtDernIxnooynJis64p8hJjRu1zuqfKQL4RI1mI5K2kXenEqYGCtvQM8wACdXdXbILMCeP5MuV9MrNlJU5+AlVxdDj6io5HUOw0vKOMelJS6DJzw0IdKsBKujtpe1caM0Llr9NFrblBpYIUjI4V3PljKLa9X2Lr2H7l9jSkJaBCtY6TR1BSXIKNzqex7I66Wp2z3SLdW05EdaVFCeGQOBHdTFdazEIeT5djetjp3eHAbcWjxJ5SR5wqyof6LPzFvRGJ3z7NxLU495XGccbQSlkODUo9QxV3DWDrsxdGtl3wWiRbkXJbExhDhwoMp8Zg5x1Y7f6oU6h6q36YDtvvdhRGo7TSnmlGQErafToXp1Dmx2dNBdXHJo+Nek9AY2+UsPuJLSvJlRUoQ6FAhKj0ngfWO6uxqxkuvTj\/ALowc3yQ4t\/YsrE1CuVkKXwIAKQT09ZyO6jRhwZttr7JnbDwgorzzrVtaIbZICw8PO4kHBHbTVdUUtZm3WzlLI9CdrbBuY0iSJsZIeSHAC6OGeNTgC1JPo4GaXNNHp\/cx6FQvdn5jXJEXszk2\/b0qX\/Hb+Y0Ozod8UDt\/wCVp9wPhV49ArfYVxvS939zXyCrx7AXegjuP38n2\/6ph+oovZDyH+EY92n4UNFZds\/\/2Q==);\"\"><\/div><div class = \"tatsu-section-background tatsu-bg-lazyload\" data-src = \"https:\/\/vistaword.com\/wp-content\/uploads\/2020\/10\/interpretation-2.jpg\"><\/div><\/div><div class=\"tatsu-overlay tatsu-section-overlay\"><\/div><style>.tatsu-GQmtAkqxc.tatsu-section{background-color: rgba(185,185,185,1);}.tatsu-GQmtAkqxc .tatsu-section-background{background-image: url(https:\/\/vistaword.com\/wp-content\/uploads\/2020\/10\/interpretation-2.jpg);background-repeat: no-repeat;background-attachment: scroll;background-position: center center;background-size: cover;}.tatsu-GQmtAkqxc .tatsu-bg-blur{background-repeat: no-repeat;background-attachment: scroll;background-position: center center;background-size: cover;}.tatsu-GQmtAkqxc .tatsu-section-pad{padding: 100px 0px 100px 0px;}.tatsu-GQmtAkqxc > .tatsu-bottom-divider{z-index: 9999;}.tatsu-GQmtAkqxc > .tatsu-top-divider{z-index: 9999;}.tatsu-GQmtAkqxc .tatsu-section-overlay{background: linear-gradient(45deg, rgba(0,0,0,0.5) 0%, rgba(0,0,0,0.3) 100%);mix-blend-mode: normal;}@media only screen and (max-width:1377px) {.tatsu-GQmtAkqxc .tatsu-section-pad{padding: 80px 0px 80px 0px;}}@media only screen and (max-width: 767px) {.tatsu-GQmtAkqxc .tatsu-section-background{background-position: bottom right;}.tatsu-GQmtAkqxc .tatsu-bg-blur{background-position: bottom right;}}<\/style><\/div><div  class=\"tatsu-s0SZyXXVe tatsu-section    tatsu-clearfix\" data-title=\"\"  data-headerscheme=\"background--dark\"><div class='tatsu-section-pad clearfix' data-padding='{\"d\":\"90px 0px 90px 0px\"}' data-padding-top='90px'><div class=\"tatsu-row-wrap  tatsu-wrap tatsu-row-has-one-half tatsu-row-has-two-cols tatsu-medium-gutter tatsu-reg-cols  tatsu-clearfix tatsu-PSpb1rkovp\" ><style>.tatsu-PSpb1rkovp > .tatsu-row{margin-top: 0px;}.tatsu-PSpb1rkovp.tatsu-row-wrap > .tatsu-row{margin-bottom: 40px;}<\/style><div  class=\"tatsu-row \" ><div  class=\"tatsu-column  tatsu-column-no-bg tatsu-one-half tatsu-column-image-none tatsu-column-effect-none  tatsu-UrRfcDPkLz\"  data-parallax-speed=\"0\" style=\"\"><div class=\"tatsu-column-inner \" ><div class=\"tatsu-column-pad-wrap\"><div class=\"tatsu-column-pad\" ><div  class=\"tatsu-single-image tatsu-module align-left tatsu-image-lazyload tatsu-image-overflow  tatsu-avxefLyjk1  \" ><div class=\"tatsu-single-image-inner \" style=\"\" ><div class = \"tatsu-single-image-padding-wrap\" style = \"padding-bottom : 71.184210526316%;\" ><\/div><img class = \"tatsu-gradient-border\" alt = \"\" title = \"pour-illustrer-interpr\u251c\u00aetation-cons\u251c\u00aecutive2\" data-src = \"https:\/\/vistaword.com\/wp-content\/uploads\/2020\/10\/pour-illustrer-interpr\u251c\u00aetation-cons\u251c\u00aecutive2.jpg\" src =\"data:image\/png;base64,iVBORw0KGgoAAAANSUhEUgAAAAEAAAABCAQAAAC1HAwCAAAAC0lEQVR42mNkYAAAAAYAAjCB0C8AAAAASUVORK5CYII=\"  \/><\/div><style>.tatsu-avxefLyjk1 .tatsu-single-image-inner{border-style: solid;width: 180%;}.tatsu-avxefLyjk1.tatsu-single-image{transform: translate3d(0px,0px, 0);}@media only screen and (min-width:768px) and (max-width: 1024px) {.tatsu-avxefLyjk1 .tatsu-single-image-inner{width: 100%;}}@media only screen and (max-width: 767px) {.tatsu-avxefLyjk1 .tatsu-single-image-inner{width: 100%;}}<\/style><\/div><\/div><\/div><div class = \"tatsu-column-bg-image-wrap\"><div class = \"tatsu-column-bg-image tatsu-bg-lazyload\" data-src = \"\"><\/div><\/div><\/div><style>.tatsu-row > .tatsu-UrRfcDPkLz.tatsu-column{width: 50%;}.tatsu-UrRfcDPkLz.tatsu-column > .tatsu-column-inner > .tatsu-column-overlay{mix-blend-mode: none;}.tatsu-UrRfcDPkLz > .tatsu-column-inner > .tatsu-top-divider{z-index: 9999;}.tatsu-UrRfcDPkLz > .tatsu-column-inner > .tatsu-bottom-divider{z-index: 9999;}.tatsu-UrRfcDPkLz > .tatsu-column-inner > .tatsu-left-divider{z-index: 9999;}.tatsu-UrRfcDPkLz > .tatsu-column-inner > .tatsu-right-divider{z-index: 9999;}@media only screen and (max-width:1377px) {.tatsu-row > .tatsu-UrRfcDPkLz.tatsu-column{width: 50%;}}@media only screen and (min-width:768px) and (max-width: 1024px) {.tatsu-row > .tatsu-UrRfcDPkLz.tatsu-column{width: 100%;}.tatsu-UrRfcDPkLz.tatsu-column{margin: 0px 0px 0px 0px !important;}}@media only screen and (max-width: 767px) {.tatsu-row > .tatsu-UrRfcDPkLz.tatsu-column{width: 100%;}.tatsu-UrRfcDPkLz.tatsu-column{margin: 0px 0px 0px 0px !important;}}<\/style><\/div><div  class=\"tatsu-column  tatsu-one-half tatsu-column-align-middle tatsu-column-image-none tatsu-column-effect-none  tatsu-oPii5jKTx1\"  data-parallax-speed=\"0\" style=\"\"><div class=\"tatsu-column-inner \" ><div class=\"tatsu-column-pad-wrap\"><div class=\"tatsu-column-pad\" ><div  class=\"tatsu-module tatsu-divider-wrap  tatsu-dkVXUdn-Cd   \"  ><style>.tatsu-dkVXUdn-Cd .tatsu-divider{height: 3px;width: 10%;background: rgba(0,126,255,1);}.tatsu-dkVXUdn-Cd.tatsu-divider-wrap{text-align: left;margin: 0px 0px 30px 0px ;}<\/style><hr class=\"tatsu-divider\"\/><\/div><div  class=\"tatsu-module tatsu-text-block-wrap tatsu-zJaeu7vva  \"><div class=\"tatsu-text-inner tatsu-align-center  clearfix\" ><style>.tatsu-zJaeu7vva.tatsu-text-block-wrap .tatsu-text-inner{width: 100%;text-align: left;}<\/style>\n<p>Vistaword propose un service d&rsquo;interpr\u00e9tation cons\u00e9cutive en fran\u00e7ais et espagnol. L&rsquo;interpr\u00e9tation cons\u00e9cutive se diff\u00e9rencie de la simultan\u00e9e dans le sens o\u00f9 l&rsquo;interpr\u00e8te traduit \u00ab\u00a0\u00e0 la suite de\u00a0\u00bb l&rsquo;orateur, soit phrase par phrase, soit toutes les deux \u00e0 trois minutes.<\/p>\n<p>L&rsquo;interpr\u00e8te est habilit\u00e9 \u00e0 traduire oralement dans les deux sens (c&rsquo;est-\u00e0-dire depuis et vers sa langue maternelle), alors qu&rsquo;un traducteur professionnel ne traduit par \u00e9crit que vers sa langue maternelle.<\/p>\n<p>Vistaword vous accompagne \u00e0 l&rsquo;occasion de vos r\u00e9unions ou d\u00e9placements professionnels, pour la n\u00e9gociation de contrats ou la participation \u00e0 des salons professionnels par exemple.<\/p>\n<\/div><\/div><\/div><\/div><div class = \"tatsu-column-bg-image-wrap\"><div class = \"tatsu-column-bg-image tatsu-bg-lazyload\" data-src = \"\"><\/div><\/div><\/div><style>.tatsu-row > .tatsu-oPii5jKTx1.tatsu-column{width: 50%;}.tatsu-oPii5jKTx1.tatsu-column > .tatsu-column-inner{background-color: rgba(255,255,255,1);box-shadow: 0px 5px 30px 0px rgba(214,215,216,0.57);}.tatsu-oPii5jKTx1.tatsu-column > .tatsu-column-inner > .tatsu-column-pad-wrap > .tatsu-column-pad{padding: 60px 60px 60px 60px;}.tatsu-oPii5jKTx1.tatsu-column > .tatsu-column-inner > .tatsu-column-overlay{mix-blend-mode: none;}.tatsu-oPii5jKTx1 > .tatsu-column-inner > .tatsu-top-divider{z-index: 9999;}.tatsu-oPii5jKTx1 > .tatsu-column-inner > .tatsu-bottom-divider{z-index: 9999;}.tatsu-oPii5jKTx1 > .tatsu-column-inner > .tatsu-left-divider{z-index: 9999;}.tatsu-oPii5jKTx1 > .tatsu-column-inner > .tatsu-right-divider{z-index: 9999;}@media only screen and (max-width:1377px) {.tatsu-row > .tatsu-oPii5jKTx1.tatsu-column{width: 50%;}}@media only screen and (min-width:768px) and (max-width: 1024px) {.tatsu-row > .tatsu-oPii5jKTx1.tatsu-column{width: 100%;}}@media only screen and (max-width: 767px) {.tatsu-row > .tatsu-oPii5jKTx1.tatsu-column{width: 100%;}.tatsu-oPii5jKTx1.tatsu-column > .tatsu-column-inner > .tatsu-column-pad-wrap > .tatsu-column-pad{padding: 40px 20px 40px 20px;}}<\/style><\/div><\/div><\/div><\/div><div class=\"tatsu-section-background-wrap\"><div class = \"tatsu-section-background tatsu-bg-lazyload\" data-src = \"\"><\/div><\/div><style>.tatsu-s0SZyXXVe .tatsu-section-pad{padding: 90px 0px 90px 0px;}.tatsu-s0SZyXXVe > .tatsu-bottom-divider{z-index: 9999;}.tatsu-s0SZyXXVe > .tatsu-top-divider{z-index: 9999;}<\/style><\/div>\n","protected":false},"excerpt":{"rendered":"<div><a href=\"https:\/\/vistaword.com\/fr\/interpretation-consecutive\/\" class=\"exp-read-more exp-read-more-underlined\">Read More<\/a><\/div>\n","protected":false},"author":1,"featured_media":0,"parent":0,"menu_order":0,"comment_status":"closed","ping_status":"closed","template":"","meta":{"footnotes":""},"class_list":["post-5047","page","type-page","status-publish","hentry"],"yoast_head":"<!-- This site is optimized with the Yoast SEO plugin v26.6 - https:\/\/yoast.com\/wordpress\/plugins\/seo\/ -->\n<title>Interpr\u00e9tation fran\u00e7ais-espagnol \u2013 espagnol-fran\u00e7ais<\/title>\n<meta name=\"description\" content=\"Vous recherchez un interpr\u00e8te qualifi\u00e9 en fran\u00e7ais et espagnol ? Pour des \u00e9changes efficaces et une compr\u00e9hension fine de vos interlocuteurs, Vistaword vous accompagne lors de vos r\u00e9unions ou d\u00e9placements professionnels.\" \/>\n<meta name=\"robots\" content=\"index, follow, max-snippet:-1, max-image-preview:large, max-video-preview:-1\" \/>\n<link rel=\"canonical\" href=\"https:\/\/vistaword.com\/fr\/interpretation-consecutive\/\" \/>\n<meta property=\"og:locale\" content=\"fr_FR\" \/>\n<meta property=\"og:type\" content=\"article\" \/>\n<meta property=\"og:title\" content=\"Interpr\u00e9tation fran\u00e7ais-espagnol \u2013 espagnol-fran\u00e7ais\" \/>\n<meta property=\"og:description\" content=\"Vous recherchez un interpr\u00e8te qualifi\u00e9 en fran\u00e7ais et espagnol ? Pour des \u00e9changes efficaces et une compr\u00e9hension fine de vos interlocuteurs, Vistaword vous accompagne lors de vos r\u00e9unions ou d\u00e9placements professionnels.\" \/>\n<meta property=\"og:url\" content=\"https:\/\/vistaword.com\/fr\/interpretation-consecutive\/\" \/>\n<meta property=\"og:site_name\" content=\"Vistaword\" \/>\n<meta property=\"article:modified_time\" content=\"2020-10-30T10:52:18+00:00\" \/>\n<meta name=\"twitter:card\" content=\"summary_large_image\" \/>\n<meta name=\"twitter:label1\" content=\"Dur\u00e9e de lecture estim\u00e9e\" \/>\n\t<meta name=\"twitter:data1\" content=\"9 minutes\" \/>\n<script type=\"application\/ld+json\" class=\"yoast-schema-graph\">{\"@context\":\"https:\/\/schema.org\",\"@graph\":[{\"@type\":\"WebPage\",\"@id\":\"https:\/\/vistaword.com\/fr\/interpretation-consecutive\/\",\"url\":\"https:\/\/vistaword.com\/fr\/interpretation-consecutive\/\",\"name\":\"Interpr\u00e9tation fran\u00e7ais-espagnol \u2013 espagnol-fran\u00e7ais\",\"isPartOf\":{\"@id\":\"https:\/\/vistaword.com\/fr\/#website\"},\"datePublished\":\"2020-10-13T15:41:38+00:00\",\"dateModified\":\"2020-10-30T10:52:18+00:00\",\"description\":\"Vous recherchez un interpr\u00e8te qualifi\u00e9 en fran\u00e7ais et espagnol ? Pour des \u00e9changes efficaces et une compr\u00e9hension fine de vos interlocuteurs, Vistaword vous accompagne lors de vos r\u00e9unions ou d\u00e9placements professionnels.\",\"breadcrumb\":{\"@id\":\"https:\/\/vistaword.com\/fr\/interpretation-consecutive\/#breadcrumb\"},\"inLanguage\":\"fr-FR\",\"potentialAction\":[{\"@type\":\"ReadAction\",\"target\":[\"https:\/\/vistaword.com\/fr\/interpretation-consecutive\/\"]}]},{\"@type\":\"BreadcrumbList\",\"@id\":\"https:\/\/vistaword.com\/fr\/interpretation-consecutive\/#breadcrumb\",\"itemListElement\":[{\"@type\":\"ListItem\",\"position\":1,\"name\":\"Accueil\",\"item\":\"https:\/\/vistaword.com\/fr\/\"},{\"@type\":\"ListItem\",\"position\":2,\"name\":\"Interpr\u00e9tation cons\u00e9cutive\"}]},{\"@type\":\"WebSite\",\"@id\":\"https:\/\/vistaword.com\/fr\/#website\",\"url\":\"https:\/\/vistaword.com\/fr\/\",\"name\":\"Vistaword\",\"description\":\"\",\"publisher\":{\"@id\":\"https:\/\/vistaword.com\/fr\/#organization\"},\"potentialAction\":[{\"@type\":\"SearchAction\",\"target\":{\"@type\":\"EntryPoint\",\"urlTemplate\":\"https:\/\/vistaword.com\/fr\/?s={search_term_string}\"},\"query-input\":{\"@type\":\"PropertyValueSpecification\",\"valueRequired\":true,\"valueName\":\"search_term_string\"}}],\"inLanguage\":\"fr-FR\"},{\"@type\":\"Organization\",\"@id\":\"https:\/\/vistaword.com\/fr\/#organization\",\"name\":\"VistaWord\",\"url\":\"https:\/\/vistaword.com\/fr\/\",\"logo\":{\"@type\":\"ImageObject\",\"inLanguage\":\"fr-FR\",\"@id\":\"https:\/\/vistaword.com\/fr\/#\/schema\/logo\/image\/\",\"url\":\"https:\/\/vistaword.com\/wp-content\/uploads\/2020\/10\/logovistaword-transparent.png\",\"contentUrl\":\"https:\/\/vistaword.com\/wp-content\/uploads\/2020\/10\/logovistaword-transparent.png\",\"width\":149,\"height\":97,\"caption\":\"VistaWord\"},\"image\":{\"@id\":\"https:\/\/vistaword.com\/fr\/#\/schema\/logo\/image\/\"}}]}<\/script>\n<!-- \/ Yoast SEO plugin. -->","yoast_head_json":{"title":"Interpr\u00e9tation fran\u00e7ais-espagnol \u2013 espagnol-fran\u00e7ais","description":"Vous recherchez un interpr\u00e8te qualifi\u00e9 en fran\u00e7ais et espagnol ? Pour des \u00e9changes efficaces et une compr\u00e9hension fine de vos interlocuteurs, Vistaword vous accompagne lors de vos r\u00e9unions ou d\u00e9placements professionnels.","robots":{"index":"index","follow":"follow","max-snippet":"max-snippet:-1","max-image-preview":"max-image-preview:large","max-video-preview":"max-video-preview:-1"},"canonical":"https:\/\/vistaword.com\/fr\/interpretation-consecutive\/","og_locale":"fr_FR","og_type":"article","og_title":"Interpr\u00e9tation fran\u00e7ais-espagnol \u2013 espagnol-fran\u00e7ais","og_description":"Vous recherchez un interpr\u00e8te qualifi\u00e9 en fran\u00e7ais et espagnol ? Pour des \u00e9changes efficaces et une compr\u00e9hension fine de vos interlocuteurs, Vistaword vous accompagne lors de vos r\u00e9unions ou d\u00e9placements professionnels.","og_url":"https:\/\/vistaword.com\/fr\/interpretation-consecutive\/","og_site_name":"Vistaword","article_modified_time":"2020-10-30T10:52:18+00:00","twitter_card":"summary_large_image","twitter_misc":{"Dur\u00e9e de lecture estim\u00e9e":"9 minutes"},"schema":{"@context":"https:\/\/schema.org","@graph":[{"@type":"WebPage","@id":"https:\/\/vistaword.com\/fr\/interpretation-consecutive\/","url":"https:\/\/vistaword.com\/fr\/interpretation-consecutive\/","name":"Interpr\u00e9tation fran\u00e7ais-espagnol \u2013 espagnol-fran\u00e7ais","isPartOf":{"@id":"https:\/\/vistaword.com\/fr\/#website"},"datePublished":"2020-10-13T15:41:38+00:00","dateModified":"2020-10-30T10:52:18+00:00","description":"Vous recherchez un interpr\u00e8te qualifi\u00e9 en fran\u00e7ais et espagnol ? Pour des \u00e9changes efficaces et une compr\u00e9hension fine de vos interlocuteurs, Vistaword vous accompagne lors de vos r\u00e9unions ou d\u00e9placements professionnels.","breadcrumb":{"@id":"https:\/\/vistaword.com\/fr\/interpretation-consecutive\/#breadcrumb"},"inLanguage":"fr-FR","potentialAction":[{"@type":"ReadAction","target":["https:\/\/vistaword.com\/fr\/interpretation-consecutive\/"]}]},{"@type":"BreadcrumbList","@id":"https:\/\/vistaword.com\/fr\/interpretation-consecutive\/#breadcrumb","itemListElement":[{"@type":"ListItem","position":1,"name":"Accueil","item":"https:\/\/vistaword.com\/fr\/"},{"@type":"ListItem","position":2,"name":"Interpr\u00e9tation cons\u00e9cutive"}]},{"@type":"WebSite","@id":"https:\/\/vistaword.com\/fr\/#website","url":"https:\/\/vistaword.com\/fr\/","name":"Vistaword","description":"","publisher":{"@id":"https:\/\/vistaword.com\/fr\/#organization"},"potentialAction":[{"@type":"SearchAction","target":{"@type":"EntryPoint","urlTemplate":"https:\/\/vistaword.com\/fr\/?s={search_term_string}"},"query-input":{"@type":"PropertyValueSpecification","valueRequired":true,"valueName":"search_term_string"}}],"inLanguage":"fr-FR"},{"@type":"Organization","@id":"https:\/\/vistaword.com\/fr\/#organization","name":"VistaWord","url":"https:\/\/vistaword.com\/fr\/","logo":{"@type":"ImageObject","inLanguage":"fr-FR","@id":"https:\/\/vistaword.com\/fr\/#\/schema\/logo\/image\/","url":"https:\/\/vistaword.com\/wp-content\/uploads\/2020\/10\/logovistaword-transparent.png","contentUrl":"https:\/\/vistaword.com\/wp-content\/uploads\/2020\/10\/logovistaword-transparent.png","width":149,"height":97,"caption":"VistaWord"},"image":{"@id":"https:\/\/vistaword.com\/fr\/#\/schema\/logo\/image\/"}}]}},"_links":{"self":[{"href":"https:\/\/vistaword.com\/fr\/wp-json\/wp\/v2\/pages\/5047\/"}],"collection":[{"href":"https:\/\/vistaword.com\/fr\/wp-json\/wp\/v2\/pages\/"}],"about":[{"href":"https:\/\/vistaword.com\/fr\/wp-json\/wp\/v2\/types\/page\/"}],"author":[{"embeddable":true,"href":"https:\/\/vistaword.com\/fr\/wp-json\/wp\/v2\/users\/1\/"}],"replies":[{"embeddable":true,"href":"https:\/\/vistaword.com\/fr\/wp-json\/wp\/v2\/comments\/?post=5047"}],"version-history":[{"count":8,"href":"https:\/\/vistaword.com\/fr\/wp-json\/wp\/v2\/pages\/5047\/revisions\/"}],"predecessor-version":[{"id":5349,"href":"https:\/\/vistaword.com\/fr\/wp-json\/wp\/v2\/pages\/5047\/revisions\/5349\/"}],"wp:attachment":[{"href":"https:\/\/vistaword.com\/fr\/wp-json\/wp\/v2\/media\/?parent=5047"}],"curies":[{"name":"wp","href":"https:\/\/api.w.org\/{rel}","templated":true}]}}