{"id":5055,"date":"2020-10-13T17:42:34","date_gmt":"2020-10-13T15:42:34","guid":{"rendered":"https:\/\/vistaword.com\/?page_id=5055"},"modified":"2020-10-30T11:55:15","modified_gmt":"2020-10-30T10:55:15","slug":"tarifs","status":"publish","type":"page","link":"https:\/\/vistaword.com\/fr\/tarifs\/","title":{"rendered":"Tarifs"},"content":{"rendered":"<div  class=\"tatsu-paYWNkvV2 tatsu-section  tatsu-bg-overlay   tatsu-clearfix\" data-title=\"\"  data-headerscheme=\"background--dark\"><div class='tatsu-section-pad clearfix' data-padding='{\"d\":\"100px 0px 100px 0px\",\"l\":\"80px 0px 80px 0px\"}' data-padding-top='100px'><div class=\"tatsu-row-wrap  tatsu-wrap tatsu-row-one-col tatsu-row-has-one-cols tatsu-large-gutter tatsu-reg-cols  tatsu-clearfix tatsu-PKYcB5rjSc\" ><style>.tatsu-PKYcB5rjSc > .tatsu-row{margin-top: 0px;}.tatsu-PKYcB5rjSc.tatsu-row-wrap > .tatsu-row{margin-bottom: 0px;}<\/style><div  class=\"tatsu-row \" ><div  class=\"tatsu-column  tatsu-column-no-bg tatsu-one-col tatsu-column-align-middle tatsu-column-image-none tatsu-column-effect-none  tatsu-FzDO4aHBrf\"  data-parallax-speed=\"0\" style=\"\"><div class=\"tatsu-column-inner \" ><div class=\"tatsu-column-pad-wrap\"><div class=\"tatsu-column-pad\" ><div  class=\"tatsu-module tatsu-text-block-wrap tatsu-NjrDGG2OBR  \"><div class=\"tatsu-text-inner tatsu-align-center  clearfix\" ><style>.tatsu-NjrDGG2OBR.tatsu-text-block-wrap .tatsu-text-inner{width: 100%;text-align: left;}<\/style>\n<h1 style=\"text-align: center;\"><span style=\"color: #ffffff;\">Tarifs<\/span><\/h1>\n<\/div><\/div><\/div><\/div><div class = \"tatsu-column-bg-image-wrap\"><div class = \"tatsu-column-bg-image tatsu-bg-lazyload\" data-src = \"\"><\/div><\/div><\/div><style>.tatsu-row > .tatsu-FzDO4aHBrf.tatsu-column{width: 100%;}.tatsu-FzDO4aHBrf.tatsu-column > .tatsu-column-inner > .tatsu-column-overlay{mix-blend-mode: none;}.tatsu-FzDO4aHBrf > .tatsu-column-inner > .tatsu-top-divider{z-index: 9999;}.tatsu-FzDO4aHBrf > .tatsu-column-inner > .tatsu-bottom-divider{z-index: 9999;}.tatsu-FzDO4aHBrf > .tatsu-column-inner > .tatsu-left-divider{z-index: 9999;}.tatsu-FzDO4aHBrf > .tatsu-column-inner > .tatsu-right-divider{z-index: 9999;}@media only screen and (max-width:1377px) {.tatsu-row > .tatsu-FzDO4aHBrf.tatsu-column{width: 100%;}}@media only screen and (min-width:768px) and (max-width: 1024px) {.tatsu-row > .tatsu-FzDO4aHBrf.tatsu-column{width: 100%;}}@media only screen and (max-width: 767px) {.tatsu-row > .tatsu-FzDO4aHBrf.tatsu-column{width: 100%;}}<\/style><\/div><\/div><\/div><\/div><div class=\"tatsu-section-background-wrap\"><div class = \"tatsu-bg-blur\" style = \"background-image : url(data:image\/jpeg;base64,\/9j\/4AAQSkZJRgABAQAAAQABAAD\/4QBARXhpZgAASUkqAAgAAAABAJiCAgAbAAAAGgAAAAAAAADCqW1vbWl1cyAtIHN0b2NrLmFkb2JlLmNvbQAAAAD\/7QBKUGhvdG9zaG9wIDMuMAA4QklNBAQAAAAAAC4cAVoAAxslRxwCAAACAAIcAnQAGsKpbW9taXVzIC0gc3RvY2suYWRvYmUuY29t\/+EEimh0dHA6Ly9ucy5hZG9iZS5jb20veGFwLzEuMC8APD94cGFja2V0IGJlZ2luPSLvu78iIGlkPSJXNU0wTXBDZWhpSHpyZVN6TlRjemtjOWQiPz4gPHg6eG1wbWV0YSB4bWxuczp4PSJhZG9iZTpuczptZXRhLyIgeDp4bXB0az0iQWRvYmUgWE1QIENvcmUgNS4zLWMwMTEgNjYuMTQ1NjYxLCAyMDEyLzAyLzA2LTE0OjU2OjI3ICAgICAgICAiPiA8cmRmOlJERiB4bWxuczpyZGY9Imh0dHA6Ly93d3cudzMub3JnLzE5OTkvMDIvMjItcmRmLXN5bnRheC1ucyMiPiA8cmRmOkRlc2NyaXB0aW9uIHJkZjphYm91dD0iIiB4bWxuczp4bXBNTT0iaHR0cDovL25zLmFkb2JlLmNvbS94YXAvMS4wL21tLyIgeG1sbnM6c3RSZWY9Imh0dHA6Ly9ucy5hZG9iZS5jb20veGFwLzEuMC9zVHlwZS9SZXNvdXJjZVJlZiMiIHhtbG5zOnhtcD0iaHR0cDovL25zLmFkb2JlLmNvbS94YXAvMS4wLyIgeG1sbnM6ZGM9Imh0dHA6Ly9wdXJsLm9yZy9kYy9lbGVtZW50cy8xLjEvIiB4bXBNTTpPcmlnaW5hbERvY3VtZW50SUQ9InhtcC5kaWQ6Y2IzYmYwMTQtMjZhZi00ZDJjLWJmMDItNDFiMTg5NGEyY2NiIiB4bXBNTTpEb2N1bWVudElEPSJ4bXAuZGlkOjk2NEY1RUQwMUE5ODExRUI4REMxQ0JDRTgxRThERjFGIiB4bXBNTTpJbnN0YW5jZUlEPSJ4bXAuaWlkOjk2NEY1RUNGMUE5ODExRUI4REMxQ0JDRTgxRThERjFGIiB4bXA6Q3JlYXRvclRvb2w9IkFkb2JlIFBob3Rvc2hvcCBDQyAyMDE3IChNYWNpbnRvc2gpIj4gPHhtcE1NOkRlcml2ZWRGcm9tIHN0UmVmOmluc3RhbmNlSUQ9InhtcC5paWQ6ZDFkOTVmMTUtMmRhZi00NWFmLTgwYjktYzgyM2QxYzg4MTRiIiBzdFJlZjpkb2N1bWVudElEPSJhZG9iZTpkb2NpZDpwaG90b3Nob3A6ZjVkNTY5N2ItNjcxZC0xMTdhLWIxY2UtOGFlYjkwYmQ5YzhjIi8+IDxkYzpyaWdodHM+IDxyZGY6QWx0PiA8cmRmOmxpIHhtbDpsYW5nPSJ4LWRlZmF1bHQiPsKpbW9taXVzIC0gc3RvY2suYWRvYmUuY29tPC9yZGY6bGk+IDwvcmRmOkFsdD4gPC9kYzpyaWdodHM+IDxkYzp0aXRsZT4gPHJkZjpBbHQ+IDxyZGY6bGkgeG1sOmxhbmc9IngtZGVmYXVsdCI+VmFsdWUgLSBQcmljZTwvcmRmOmxpPiA8L3JkZjpBbHQ+IDwvZGM6dGl0bGU+IDwvcmRmOkRlc2NyaXB0aW9uPiA8L3JkZjpSREY+IDwveDp4bXBtZXRhPiA8P3hwYWNrZXQgZW5kPSJyIj8+\/9sAQwAGBAQFBAQGBQUFBgYGBwkOCQkICAkSDQ0KDhUSFhYVEhQUFxohHBcYHxkUFB0nHR8iIyUlJRYcKSwoJCshJCUk\/9sAQwEGBgYJCAkRCQkRJBgUGCQkJCQkJCQkJCQkJCQkJCQkJCQkJCQkJCQkJCQkJCQkJCQkJCQkJCQkJCQkJCQkJCQk\/8AAEQgAEgAyAwERAAIRAQMRAf\/EABoAAAMBAAMAAAAAAAAAAAAAAAUGBwQCAwj\/xAAtEAABAwIEBQMDBQAAAAAAAAABAgMEBREABhIhEzFBUWEiI0IUYoEHMjNx0f\/EABoBAAMBAAMAAAAAAAAAAAAAAAIDBAUAAQb\/xAAnEQACAgECBAYDAAAAAAAAAAABAgADESExBAUSIhQVQUJRUjIzof\/aAAwDAQACEQMRAD8A9A1uvU2hRONNkpQlYshCPUtw9kjrh6qTtEs4UaxIq2ZnUUcyJLU+m06U6oNIYsXFAbEKVybuo8ufjFNdXUcDeSXX9C5OcGFMpV2jtUTVDpb8D3SjgKTdx02vqv8AK9+fTA2VMGwTmFRepTIGJwn5hk11DkGlQA\/LQvZwOe0wPvVyv4F8Iu4ZXHcZRVxLqe0THVaLmploKhqgursNV1KG\/Xa2Il5epOrSxuNYDtX+xQrtRzLCZX9XGaSlNgtTdyEk98NHKqz7jJm5navtEDJzrV0pCeInYW\/bhnllXyYjzW34EvcWhQGpCJwZaef02Dyhcgfb2H9YaWJ0jQg3gvMMmk0xSYb6mXEzlaFQSNRcv8gnpgkydRAs6cYPr6QOxk+ZU1LMwqhweSY6F+88OmtfxH2jDDbFLR8w9TIyMtR0w9AEMElDiR\/Hc8lW6ecLPdrHKOjT0nRmbOFLy0yDId4shYu1Ha9S3P8AB5OOIhadWWKm8VIixnSnuzKqEJKHSUxEq9DYG41dz5P4xJxjOh6VOJRwapaOpxmYjk2lKJPCtfzjO8Xd9zLvCcP9BKXSVERZYBNkuHSO3pB2xtNvMtdjJx+mRMzONWkSSX3krcAcc9SgLja53w+3RZNTq5zKsrEwlkFTyfqFi+3BVt+MGIDbySzEIVPdcKUlehI1Eb8u+LBtIG3mrK+1OmqGylK3PU74zOa\/rzNDlf5GMQO2PPTbn\/\/Z);\"\"><\/div><div class = \"tatsu-section-background tatsu-bg-lazyload\" data-src = \"https:\/\/vistaword.com\/wp-content\/uploads\/2020\/10\/Bandeau-tarif3.jpg\"><\/div><\/div><div class=\"tatsu-overlay tatsu-section-overlay\"><\/div><style>.tatsu-paYWNkvV2.tatsu-section{background-color: rgba(185,185,185,1);}.tatsu-paYWNkvV2 .tatsu-section-background{background-image: url(https:\/\/vistaword.com\/wp-content\/uploads\/2020\/10\/Bandeau-tarif3.jpg);background-repeat: no-repeat;background-attachment: scroll;background-position: center center;background-size: cover;}.tatsu-paYWNkvV2 .tatsu-bg-blur{background-repeat: no-repeat;background-attachment: scroll;background-position: center center;background-size: cover;}.tatsu-paYWNkvV2 .tatsu-section-pad{padding: 100px 0px 100px 0px;}.tatsu-paYWNkvV2 > .tatsu-bottom-divider{z-index: 9999;}.tatsu-paYWNkvV2 > .tatsu-top-divider{z-index: 9999;}.tatsu-paYWNkvV2 .tatsu-section-overlay{background: linear-gradient(45deg, rgba(0,0,0,0.5) 0%, rgba(0,0,0,0.3) 100%);mix-blend-mode: normal;}@media only screen and (max-width:1377px) {.tatsu-paYWNkvV2 .tatsu-section-pad{padding: 80px 0px 80px 0px;}}@media only screen and (max-width: 767px) {.tatsu-paYWNkvV2 .tatsu-section-background{background-position: bottom right;}.tatsu-paYWNkvV2 .tatsu-bg-blur{background-position: bottom right;}}<\/style><\/div><div  class=\"tatsu-8bQtABDY6 tatsu-section    tatsu-clearfix\" data-title=\"\"  data-headerscheme=\"background--dark\"><div class='tatsu-section-pad clearfix' data-padding='{\"d\":\"92px 0px 28px 0px\"}' data-padding-top='92px'><div class=\"tatsu-row-wrap  tatsu-wrap tatsu-row-has-one-half tatsu-row-has-two-cols tatsu-medium-gutter tatsu-reg-cols  tatsu-clearfix tatsu-azhTWYWsE-\" ><div  class=\"tatsu-row \" ><div  class=\"tatsu-column  tatsu-column-no-bg tatsu-one-half tatsu-column-align-middle tatsu-column-image-none tatsu-column-effect-none  tatsu-fL5-qss_gK\"  data-parallax-speed=\"0\" style=\"\"><div class=\"tatsu-column-inner \" ><div class=\"tatsu-column-pad-wrap\"><div class=\"tatsu-column-pad\" ><div  class=\"tatsu-single-image tatsu-module tatsu-image-lazyload tatsu-NJ3KQ_f9z  \" ><div class=\"tatsu-single-image-inner \" style=\"width : 1980px;\" ><div class = \"tatsu-single-image-padding-wrap\" style = \"padding-bottom : 68.181818181818%;\" ><\/div><img class = \"tatsu-gradient-border\" alt = \"\" title = \"tarifs\" data-src = \"https:\/\/vistaword.com\/wp-content\/uploads\/2020\/10\/tarifs.jpg\" src =\"data:image\/png;base64,iVBORw0KGgoAAAANSUhEUgAAAAEAAAABCAQAAAC1HAwCAAAAC0lEQVR42mNkYAAAAAYAAjCB0C8AAAAASUVORK5CYII=\"  \/><\/div><style>.tatsu-NJ3KQ_f9z .tatsu-single-image-inner{border-style: solid;max-width: 100%;}.tatsu-NJ3KQ_f9z.tatsu-single-image{transform: translate3d(0px,0px, 0);}<\/style><\/div><\/div><\/div><div class = \"tatsu-column-bg-image-wrap\"><div class = \"tatsu-column-bg-image tatsu-bg-lazyload\" data-src = \"\"><\/div><\/div><\/div><style>.tatsu-row > .tatsu-fL5-qss_gK.tatsu-column{width: 50%;}.tatsu-fL5-qss_gK.tatsu-column > .tatsu-column-inner > .tatsu-column-overlay{mix-blend-mode: none;}.tatsu-fL5-qss_gK > .tatsu-column-inner > .tatsu-top-divider{z-index: 9999;}.tatsu-fL5-qss_gK > .tatsu-column-inner > .tatsu-bottom-divider{z-index: 9999;}.tatsu-fL5-qss_gK > .tatsu-column-inner > .tatsu-left-divider{z-index: 9999;}.tatsu-fL5-qss_gK > .tatsu-column-inner > .tatsu-right-divider{z-index: 9999;}@media only screen and (max-width:1377px) {.tatsu-row > .tatsu-fL5-qss_gK.tatsu-column{width: 50%;}}@media only screen and (min-width:768px) and (max-width: 1024px) {.tatsu-row > .tatsu-fL5-qss_gK.tatsu-column{width: 50%;}}@media only screen and (max-width: 767px) {.tatsu-row > .tatsu-fL5-qss_gK.tatsu-column{width: 100%;}}<\/style><\/div><div  class=\"tatsu-column  tatsu-bg-overlay tatsu-one-half tatsu-column-align-middle tatsu-column-image-none tatsu-column-effect-none  tatsu-XuTEv017Rs\"  data-parallax-speed=\"0\" style=\"\"><div class=\"tatsu-column-inner \" ><div class=\"tatsu-column-pad-wrap\"><div class=\"tatsu-column-pad\" ><div  class=\"tatsu-module tatsu-text-block-wrap tatsu-mXDMv2OXcc  \"><div class=\"tatsu-text-inner tatsu-align-center  clearfix\" ><style>.tatsu-mXDMv2OXcc.tatsu-text-block-wrap .tatsu-text-inner{width: 100%;text-align: left;}<\/style>\n<h4>Quel est le tarif de nos prestations ?<\/h4>\n<\/div><\/div><div  class=\"tatsu-module tatsu-text-block-wrap tatsu-M6Ms0xL8V  \"><div class=\"tatsu-text-inner tatsu-align-center  clearfix\" ><style>.tatsu-M6Ms0xL8V.tatsu-text-block-wrap .tatsu-text-inner{width: 100%;text-align: left;}<\/style>\n<p>Parce que chaque service linguistique est diff\u00e9rent, les tarifs de nos prestations diff\u00e8rent en fonction de la combinaison linguistique souhait\u00e9e, du volume et du domaine de sp\u00e9cialit\u00e9 du texte source.<\/p>\n<\/div><\/div><\/div><\/div><div class = \"tatsu-column-bg-image-wrap\"><div class = \"tatsu-column-bg-image tatsu-bg-lazyload\" data-src = \"\"><\/div><\/div><div class=\"tatsu-overlay tatsu-column-overlay tatsu-animate-none\" ><\/div><\/div><style>.tatsu-row > .tatsu-XuTEv017Rs.tatsu-column{width: 50%;}.tatsu-XuTEv017Rs.tatsu-column > .tatsu-column-inner > .tatsu-column-overlay{mix-blend-mode: normal;}.tatsu-XuTEv017Rs > .tatsu-column-inner > .tatsu-top-divider{z-index: 9999;}.tatsu-XuTEv017Rs > .tatsu-column-inner > .tatsu-bottom-divider{z-index: 9999;}.tatsu-XuTEv017Rs > .tatsu-column-inner > .tatsu-left-divider{z-index: 9999;}.tatsu-XuTEv017Rs > .tatsu-column-inner > .tatsu-right-divider{z-index: 9999;}@media only screen and (max-width:1377px) {.tatsu-row > .tatsu-XuTEv017Rs.tatsu-column{width: 50%;}}@media only screen and (min-width:768px) and (max-width: 1024px) {.tatsu-row > .tatsu-XuTEv017Rs.tatsu-column{width: 50%;}}@media only screen and (max-width: 767px) {.tatsu-row > .tatsu-XuTEv017Rs.tatsu-column{width: 100%;}}<\/style><\/div><\/div><\/div><\/div><div class=\"tatsu-section-background-wrap\"><div class = \"tatsu-section-background tatsu-bg-lazyload\" data-src = \"\"><\/div><\/div><style>.tatsu-8bQtABDY6.tatsu-section{background-color: rgba(255,255,255,1);}.tatsu-8bQtABDY6 .tatsu-section-pad{padding: 92px 0px 28px 0px;}.tatsu-8bQtABDY6 > .tatsu-bottom-divider{z-index: 9999;}.tatsu-8bQtABDY6 > .tatsu-top-divider{z-index: 9999;}<\/style><\/div><div  class=\"tatsu-QgXtAD1yi tatsu-section    tatsu-clearfix\" data-title=\"\"  data-headerscheme=\"background--dark\"><div class='tatsu-section-pad clearfix' data-padding='{\"d\":\"29px 0px 100px 0px\"}' data-padding-top='29px'><div class=\"tatsu-row-wrap  tatsu-wrap tatsu-row-has-one-half tatsu-row-has-two-cols tatsu-medium-gutter tatsu-reg-cols  tatsu-clearfix tatsu-moSKsbOncr\" ><div  class=\"tatsu-row \" ><div  class=\"tatsu-column  tatsu-column-no-bg tatsu-one-half tatsu-column-align-middle tatsu-column-image-none tatsu-column-effect-none  tatsu-7884kL8xjO\"  data-parallax-speed=\"0\" style=\"\"><div class=\"tatsu-column-inner \" ><div class=\"tatsu-column-pad-wrap\"><div class=\"tatsu-column-pad\" ><div  class=\"tatsu-module tatsu-text-block-wrap tatsu-iRw1Aqt2AH  \"><div class=\"tatsu-text-inner tatsu-align-center  clearfix\" ><style>.tatsu-iRw1Aqt2AH.tatsu-text-block-wrap .tatsu-text-inner{width: 100%;text-align: left;}<\/style>\n<h4>La qualit\u00e9, \u00e0 prix comp\u00e9titif<\/h4>\n<\/div><\/div><div  class=\"tatsu-module tatsu-text-block-wrap tatsu-2SwLQwKH_X  \"><div class=\"tatsu-text-inner tatsu-align-center  clearfix\" ><style>.tatsu-2SwLQwKH_X.tatsu-text-block-wrap .tatsu-text-inner{width: 100%;text-align: left;}<\/style>\n<p>Par ailleurs, nous travaillons avec la derni\u00e8re version de SDL Trados Studio Professional, logiciel de TAO (traduction assist\u00e9e par ordinateur) leader sur le march\u00e9 de la traduction. Ce logiciel nous permet de garantir la coh\u00e9rence terminologique de tous vos supports \u00e9crits via le recours \u00e0 des m\u00e9moires de traduction et \u00e0 des glossaires terminologiques qui sont d\u00e9di\u00e9s \u00e0 votre entreprise et \u00e0 votre secteur d\u2019activit\u00e9, tout en proposant des tarifs attractifs avec des r\u00e9ductions de prix pour les r\u00e9p\u00e9titions notamment.<\/p>\n<\/div><\/div><div  class=\"tatsu-module tatsu-text-block-wrap tatsu-KbU9t9KRfX  \"><div class=\"tatsu-text-inner tatsu-align-center  clearfix\" ><style>.tatsu-KbU9t9KRfX.tatsu-text-block-wrap .tatsu-text-inner{width: 100%;text-align: left;}<\/style>\n<p>N&rsquo;h\u00e9sitez pas \u00e0 <a href=\"https:\/\/vistaword.com\/contact\/\">nous contacter<\/a> pour tout renseignement ou demande de devis.<\/p>\n<\/div><\/div><\/div><\/div><div class = \"tatsu-column-bg-image-wrap\"><div class = \"tatsu-column-bg-image tatsu-bg-lazyload\" data-src = \"\"><\/div><\/div><\/div><style>.tatsu-row > .tatsu-7884kL8xjO.tatsu-column{width: 50%;}.tatsu-7884kL8xjO.tatsu-column > .tatsu-column-inner > .tatsu-column-overlay{mix-blend-mode: none;}.tatsu-7884kL8xjO > .tatsu-column-inner > .tatsu-top-divider{z-index: 9999;}.tatsu-7884kL8xjO > .tatsu-column-inner > .tatsu-bottom-divider{z-index: 9999;}.tatsu-7884kL8xjO > .tatsu-column-inner > .tatsu-left-divider{z-index: 9999;}.tatsu-7884kL8xjO > .tatsu-column-inner > .tatsu-right-divider{z-index: 9999;}@media only screen and (max-width:1377px) {.tatsu-row > .tatsu-7884kL8xjO.tatsu-column{width: 50%;}}@media only screen and (min-width:768px) and (max-width: 1024px) {.tatsu-row > .tatsu-7884kL8xjO.tatsu-column{width: 50%;}}@media only screen and (max-width: 767px) {.tatsu-row > .tatsu-7884kL8xjO.tatsu-column{width: 100%;}}<\/style><\/div><div  class=\"tatsu-column  tatsu-bg-overlay tatsu-one-half tatsu-column-image-none tatsu-column-effect-none  tatsu-etiDcYMhwu\"  data-parallax-speed=\"0\" style=\"\"><div class=\"tatsu-column-inner \" ><div class=\"tatsu-column-pad-wrap\"><div class=\"tatsu-column-pad\" ><div  class=\"tatsu-single-image tatsu-module tatsu-image-lazyload tatsu-5OPyEOldTZ  \" ><div class=\"tatsu-single-image-inner \" style=\"width : 2560px;\" ><div class = \"tatsu-single-image-padding-wrap\" style = \"padding-bottom : 66.7578125%;\" ><\/div><img class = \"tatsu-gradient-border\" alt = \"\" title = \"\u54c1\u8cea\u3068\u4fa1\u683c\u3068\u6e80\u8db3\u5ea6\u306e\u30a4\u30e1\u30fc\u30b8\" data-src = \"https:\/\/vistaword.com\/wp-content\/uploads\/2020\/10\/photo-pour-2e-paragraphe-page-tarifs-scaled.jpeg\" src =\"data:image\/png;base64,iVBORw0KGgoAAAANSUhEUgAAAAEAAAABCAQAAAC1HAwCAAAAC0lEQVR42mNkYAAAAAYAAjCB0C8AAAAASUVORK5CYII=\"  \/><\/div><style>.tatsu-5OPyEOldTZ .tatsu-single-image-inner{border-style: solid;max-width: 100%;}.tatsu-5OPyEOldTZ.tatsu-single-image{transform: translate3d(0px,0px, 0);}<\/style><\/div><\/div><\/div><div class = \"tatsu-column-bg-image-wrap\"><div class = \"tatsu-column-bg-image tatsu-bg-lazyload\" data-src = \"\"><\/div><\/div><div class=\"tatsu-overlay tatsu-column-overlay tatsu-animate-none\" ><\/div><\/div><style>.tatsu-row > .tatsu-etiDcYMhwu.tatsu-column{width: 50%;}.tatsu-etiDcYMhwu.tatsu-column > .tatsu-column-inner > .tatsu-column-overlay{mix-blend-mode: normal;}.tatsu-etiDcYMhwu > .tatsu-column-inner > .tatsu-top-divider{z-index: 9999;}.tatsu-etiDcYMhwu > .tatsu-column-inner > .tatsu-bottom-divider{z-index: 9999;}.tatsu-etiDcYMhwu > .tatsu-column-inner > .tatsu-left-divider{z-index: 9999;}.tatsu-etiDcYMhwu > .tatsu-column-inner > .tatsu-right-divider{z-index: 9999;}@media only screen and (max-width:1377px) {.tatsu-row > .tatsu-etiDcYMhwu.tatsu-column{width: 50%;}}@media only screen and (min-width:768px) and (max-width: 1024px) {.tatsu-row > .tatsu-etiDcYMhwu.tatsu-column{width: 50%;}}@media only screen and (max-width: 767px) {.tatsu-row > .tatsu-etiDcYMhwu.tatsu-column{width: 100%;}}<\/style><\/div><\/div><\/div><\/div><div class=\"tatsu-section-background-wrap\"><div class = \"tatsu-section-background tatsu-bg-lazyload\" data-src = \"\"><\/div><\/div><style>.tatsu-QgXtAD1yi.tatsu-section{background-color: rgba(255,255,255,1);}.tatsu-QgXtAD1yi .tatsu-section-pad{padding: 29px 0px 100px 0px;}.tatsu-QgXtAD1yi > .tatsu-bottom-divider{z-index: 9999;}.tatsu-QgXtAD1yi > .tatsu-top-divider{z-index: 9999;}<\/style><\/div>\n","protected":false},"excerpt":{"rendered":"<div><a href=\"https:\/\/vistaword.com\/fr\/tarifs\/\" class=\"exp-read-more exp-read-more-underlined\">Read More<\/a><\/div>\n","protected":false},"author":1,"featured_media":0,"parent":0,"menu_order":0,"comment_status":"closed","ping_status":"closed","template":"","meta":{"footnotes":""},"class_list":["post-5055","page","type-page","status-publish","hentry"],"yoast_head":"<!-- This site is optimized with the Yoast SEO plugin v26.6 - https:\/\/yoast.com\/wordpress\/plugins\/seo\/ -->\n<title>Traduction \u00e0 prix comp\u00e9titif \u2013 Vistaword<\/title>\n<meta name=\"description\" content=\"B\u00e9n\u00e9ficiez de tarifs attractifs sans rogner sur la qualit\u00e9. Les tarifs de nos prestations d\u00e9pendent notamment du volume du texte source et de la combinaison linguistique souhait\u00e9e.\" \/>\n<meta name=\"robots\" content=\"index, follow, max-snippet:-1, max-image-preview:large, max-video-preview:-1\" \/>\n<link rel=\"canonical\" href=\"https:\/\/vistaword.com\/fr\/tarifs\/\" \/>\n<meta property=\"og:locale\" content=\"fr_FR\" \/>\n<meta property=\"og:type\" content=\"article\" \/>\n<meta property=\"og:title\" content=\"Traduction \u00e0 prix comp\u00e9titif \u2013 Vistaword\" \/>\n<meta property=\"og:description\" content=\"B\u00e9n\u00e9ficiez de tarifs attractifs sans rogner sur la qualit\u00e9. Les tarifs de nos prestations d\u00e9pendent notamment du volume du texte source et de la combinaison linguistique souhait\u00e9e.\" \/>\n<meta property=\"og:url\" content=\"https:\/\/vistaword.com\/fr\/tarifs\/\" \/>\n<meta property=\"og:site_name\" content=\"Vistaword\" \/>\n<meta property=\"article:modified_time\" content=\"2020-10-30T10:55:15+00:00\" \/>\n<meta name=\"twitter:card\" content=\"summary_large_image\" \/>\n<meta name=\"twitter:label1\" content=\"Dur\u00e9e de lecture estim\u00e9e\" \/>\n\t<meta name=\"twitter:data1\" content=\"14 minutes\" \/>\n<script type=\"application\/ld+json\" class=\"yoast-schema-graph\">{\"@context\":\"https:\/\/schema.org\",\"@graph\":[{\"@type\":\"WebPage\",\"@id\":\"https:\/\/vistaword.com\/fr\/tarifs\/\",\"url\":\"https:\/\/vistaword.com\/fr\/tarifs\/\",\"name\":\"Traduction \u00e0 prix comp\u00e9titif \u2013 Vistaword\",\"isPartOf\":{\"@id\":\"https:\/\/vistaword.com\/fr\/#website\"},\"datePublished\":\"2020-10-13T15:42:34+00:00\",\"dateModified\":\"2020-10-30T10:55:15+00:00\",\"description\":\"B\u00e9n\u00e9ficiez de tarifs attractifs sans rogner sur la qualit\u00e9. Les tarifs de nos prestations d\u00e9pendent notamment du volume du texte source et de la combinaison linguistique souhait\u00e9e.\",\"breadcrumb\":{\"@id\":\"https:\/\/vistaword.com\/fr\/tarifs\/#breadcrumb\"},\"inLanguage\":\"fr-FR\",\"potentialAction\":[{\"@type\":\"ReadAction\",\"target\":[\"https:\/\/vistaword.com\/fr\/tarifs\/\"]}]},{\"@type\":\"BreadcrumbList\",\"@id\":\"https:\/\/vistaword.com\/fr\/tarifs\/#breadcrumb\",\"itemListElement\":[{\"@type\":\"ListItem\",\"position\":1,\"name\":\"Accueil\",\"item\":\"https:\/\/vistaword.com\/fr\/\"},{\"@type\":\"ListItem\",\"position\":2,\"name\":\"Tarifs\"}]},{\"@type\":\"WebSite\",\"@id\":\"https:\/\/vistaword.com\/fr\/#website\",\"url\":\"https:\/\/vistaword.com\/fr\/\",\"name\":\"Vistaword\",\"description\":\"\",\"publisher\":{\"@id\":\"https:\/\/vistaword.com\/fr\/#organization\"},\"potentialAction\":[{\"@type\":\"SearchAction\",\"target\":{\"@type\":\"EntryPoint\",\"urlTemplate\":\"https:\/\/vistaword.com\/fr\/?s={search_term_string}\"},\"query-input\":{\"@type\":\"PropertyValueSpecification\",\"valueRequired\":true,\"valueName\":\"search_term_string\"}}],\"inLanguage\":\"fr-FR\"},{\"@type\":\"Organization\",\"@id\":\"https:\/\/vistaword.com\/fr\/#organization\",\"name\":\"VistaWord\",\"url\":\"https:\/\/vistaword.com\/fr\/\",\"logo\":{\"@type\":\"ImageObject\",\"inLanguage\":\"fr-FR\",\"@id\":\"https:\/\/vistaword.com\/fr\/#\/schema\/logo\/image\/\",\"url\":\"https:\/\/vistaword.com\/wp-content\/uploads\/2020\/10\/logovistaword-transparent.png\",\"contentUrl\":\"https:\/\/vistaword.com\/wp-content\/uploads\/2020\/10\/logovistaword-transparent.png\",\"width\":149,\"height\":97,\"caption\":\"VistaWord\"},\"image\":{\"@id\":\"https:\/\/vistaword.com\/fr\/#\/schema\/logo\/image\/\"}}]}<\/script>\n<!-- \/ Yoast SEO plugin. -->","yoast_head_json":{"title":"Traduction \u00e0 prix comp\u00e9titif \u2013 Vistaword","description":"B\u00e9n\u00e9ficiez de tarifs attractifs sans rogner sur la qualit\u00e9. Les tarifs de nos prestations d\u00e9pendent notamment du volume du texte source et de la combinaison linguistique souhait\u00e9e.","robots":{"index":"index","follow":"follow","max-snippet":"max-snippet:-1","max-image-preview":"max-image-preview:large","max-video-preview":"max-video-preview:-1"},"canonical":"https:\/\/vistaword.com\/fr\/tarifs\/","og_locale":"fr_FR","og_type":"article","og_title":"Traduction \u00e0 prix comp\u00e9titif \u2013 Vistaword","og_description":"B\u00e9n\u00e9ficiez de tarifs attractifs sans rogner sur la qualit\u00e9. Les tarifs de nos prestations d\u00e9pendent notamment du volume du texte source et de la combinaison linguistique souhait\u00e9e.","og_url":"https:\/\/vistaword.com\/fr\/tarifs\/","og_site_name":"Vistaword","article_modified_time":"2020-10-30T10:55:15+00:00","twitter_card":"summary_large_image","twitter_misc":{"Dur\u00e9e de lecture estim\u00e9e":"14 minutes"},"schema":{"@context":"https:\/\/schema.org","@graph":[{"@type":"WebPage","@id":"https:\/\/vistaword.com\/fr\/tarifs\/","url":"https:\/\/vistaword.com\/fr\/tarifs\/","name":"Traduction \u00e0 prix comp\u00e9titif \u2013 Vistaword","isPartOf":{"@id":"https:\/\/vistaword.com\/fr\/#website"},"datePublished":"2020-10-13T15:42:34+00:00","dateModified":"2020-10-30T10:55:15+00:00","description":"B\u00e9n\u00e9ficiez de tarifs attractifs sans rogner sur la qualit\u00e9. Les tarifs de nos prestations d\u00e9pendent notamment du volume du texte source et de la combinaison linguistique souhait\u00e9e.","breadcrumb":{"@id":"https:\/\/vistaword.com\/fr\/tarifs\/#breadcrumb"},"inLanguage":"fr-FR","potentialAction":[{"@type":"ReadAction","target":["https:\/\/vistaword.com\/fr\/tarifs\/"]}]},{"@type":"BreadcrumbList","@id":"https:\/\/vistaword.com\/fr\/tarifs\/#breadcrumb","itemListElement":[{"@type":"ListItem","position":1,"name":"Accueil","item":"https:\/\/vistaword.com\/fr\/"},{"@type":"ListItem","position":2,"name":"Tarifs"}]},{"@type":"WebSite","@id":"https:\/\/vistaword.com\/fr\/#website","url":"https:\/\/vistaword.com\/fr\/","name":"Vistaword","description":"","publisher":{"@id":"https:\/\/vistaword.com\/fr\/#organization"},"potentialAction":[{"@type":"SearchAction","target":{"@type":"EntryPoint","urlTemplate":"https:\/\/vistaword.com\/fr\/?s={search_term_string}"},"query-input":{"@type":"PropertyValueSpecification","valueRequired":true,"valueName":"search_term_string"}}],"inLanguage":"fr-FR"},{"@type":"Organization","@id":"https:\/\/vistaword.com\/fr\/#organization","name":"VistaWord","url":"https:\/\/vistaword.com\/fr\/","logo":{"@type":"ImageObject","inLanguage":"fr-FR","@id":"https:\/\/vistaword.com\/fr\/#\/schema\/logo\/image\/","url":"https:\/\/vistaword.com\/wp-content\/uploads\/2020\/10\/logovistaword-transparent.png","contentUrl":"https:\/\/vistaword.com\/wp-content\/uploads\/2020\/10\/logovistaword-transparent.png","width":149,"height":97,"caption":"VistaWord"},"image":{"@id":"https:\/\/vistaword.com\/fr\/#\/schema\/logo\/image\/"}}]}},"_links":{"self":[{"href":"https:\/\/vistaword.com\/fr\/wp-json\/wp\/v2\/pages\/5055\/"}],"collection":[{"href":"https:\/\/vistaword.com\/fr\/wp-json\/wp\/v2\/pages\/"}],"about":[{"href":"https:\/\/vistaword.com\/fr\/wp-json\/wp\/v2\/types\/page\/"}],"author":[{"embeddable":true,"href":"https:\/\/vistaword.com\/fr\/wp-json\/wp\/v2\/users\/1\/"}],"replies":[{"embeddable":true,"href":"https:\/\/vistaword.com\/fr\/wp-json\/wp\/v2\/comments\/?post=5055"}],"version-history":[{"count":10,"href":"https:\/\/vistaword.com\/fr\/wp-json\/wp\/v2\/pages\/5055\/revisions\/"}],"predecessor-version":[{"id":5608,"href":"https:\/\/vistaword.com\/fr\/wp-json\/wp\/v2\/pages\/5055\/revisions\/5608\/"}],"wp:attachment":[{"href":"https:\/\/vistaword.com\/fr\/wp-json\/wp\/v2\/media\/?parent=5055"}],"curies":[{"name":"wp","href":"https:\/\/api.w.org\/{rel}","templated":true}]}}