{"id":5313,"date":"2020-10-21T12:09:25","date_gmt":"2020-10-21T10:09:25","guid":{"rendered":"https:\/\/vistaword.com\/?page_id=5313"},"modified":"2021-01-09T10:29:44","modified_gmt":"2021-01-09T09:29:44","slug":"mentions-legales-et-cgu","status":"publish","type":"page","link":"https:\/\/vistaword.com\/fr\/mentions-legales-et-cgu\/","title":{"rendered":"Mentions l\u00e9gales et CGU"},"content":{"rendered":"<div  class=\"tatsu-1TwZiFZ6y tatsu-section  tatsu-bg-overlay   tatsu-clearfix\" data-title=\"\"  data-headerscheme=\"background--dark\"><div class='tatsu-section-pad clearfix' data-padding='{\"d\":\"100px 0px 100px 0px\",\"l\":\"80px 0px 80px 0px\"}' data-padding-top='100px'><div class=\"tatsu-row-wrap  tatsu-wrap tatsu-row-one-col tatsu-row-has-one-cols tatsu-large-gutter tatsu-reg-cols  tatsu-clearfix tatsu-rJxyrqkV12\" ><style>.tatsu-rJxyrqkV12 > .tatsu-row{margin-top: 0px;}.tatsu-rJxyrqkV12.tatsu-row-wrap > .tatsu-row{margin-bottom: 0px;}<\/style><div  class=\"tatsu-row \" ><div  class=\"tatsu-column  tatsu-column-no-bg tatsu-one-col tatsu-column-align-middle tatsu-column-image-none tatsu-column-effect-none  tatsu-DNkat2m9FM\"  data-parallax-speed=\"0\" style=\"\"><div class=\"tatsu-column-inner \" ><div class=\"tatsu-column-pad-wrap\"><div class=\"tatsu-column-pad\" ><div  class=\"tatsu-module tatsu-text-block-wrap tatsu-fZPIjMcn2G  \"><div class=\"tatsu-text-inner tatsu-align-center  clearfix\" ><style>.tatsu-fZPIjMcn2G.tatsu-text-block-wrap .tatsu-text-inner{width: 100%;text-align: left;}<\/style>\n<h1 style=\"text-align: center;\"><span style=\"color: #ffffff;\">Mentions l\u00e9gales et CGU<\/span><\/h1>\n<\/div><\/div><\/div><\/div><div class = \"tatsu-column-bg-image-wrap\"><div class = \"tatsu-column-bg-image tatsu-bg-lazyload\" data-src = \"\"><\/div><\/div><\/div><style>.tatsu-row > .tatsu-DNkat2m9FM.tatsu-column{width: 100%;}.tatsu-DNkat2m9FM.tatsu-column > .tatsu-column-inner > .tatsu-column-overlay{mix-blend-mode: none;}.tatsu-DNkat2m9FM > .tatsu-column-inner > .tatsu-top-divider{z-index: 9999;}.tatsu-DNkat2m9FM > .tatsu-column-inner > .tatsu-bottom-divider{z-index: 9999;}.tatsu-DNkat2m9FM > .tatsu-column-inner > .tatsu-left-divider{z-index: 9999;}.tatsu-DNkat2m9FM > .tatsu-column-inner > .tatsu-right-divider{z-index: 9999;}@media only screen and (max-width:1377px) {.tatsu-row > .tatsu-DNkat2m9FM.tatsu-column{width: 100%;}}@media only screen and (min-width:768px) and (max-width: 1024px) {.tatsu-row > .tatsu-DNkat2m9FM.tatsu-column{width: 100%;}}@media only screen and (max-width: 767px) {.tatsu-row > .tatsu-DNkat2m9FM.tatsu-column{width: 100%;}}<\/style><\/div><\/div><\/div><\/div><div class=\"tatsu-section-background-wrap\"><div class = \"tatsu-section-background tatsu-bg-lazyload\" data-src = \"https:\/\/brandexponents.com\/exponent-lite\/startup\/wp-content\/uploads\/sites\/12\/2018\/09\/About-Hero-IMG.jpg\"><\/div><\/div><div class=\"tatsu-overlay tatsu-section-overlay\"><\/div><style>.tatsu-1TwZiFZ6y.tatsu-section{background-color: rgba(185,185,185,1);}.tatsu-1TwZiFZ6y .tatsu-section-background{background-image: url(https:\/\/brandexponents.com\/exponent-lite\/startup\/wp-content\/uploads\/sites\/12\/2018\/09\/About-Hero-IMG.jpg);background-repeat: no-repeat;background-attachment: scroll;background-position: center center;background-size: cover;}.tatsu-1TwZiFZ6y .tatsu-bg-blur{background-repeat: no-repeat;background-attachment: scroll;background-position: center center;background-size: cover;}.tatsu-1TwZiFZ6y .tatsu-section-pad{padding: 100px 0px 100px 0px;}.tatsu-1TwZiFZ6y > .tatsu-bottom-divider{z-index: 9999;}.tatsu-1TwZiFZ6y > .tatsu-top-divider{z-index: 9999;}.tatsu-1TwZiFZ6y .tatsu-section-overlay{background: linear-gradient(45deg, rgba(0,0,0,0.5) 0%, rgba(0,0,0,0.3) 100%);mix-blend-mode: normal;}@media only screen and (max-width:1377px) {.tatsu-1TwZiFZ6y .tatsu-section-pad{padding: 80px 0px 80px 0px;}}@media only screen and (max-width: 767px) {.tatsu-1TwZiFZ6y .tatsu-section-background{background-position: bottom right;}.tatsu-1TwZiFZ6y .tatsu-bg-blur{background-position: bottom right;}}<\/style><\/div><div  class=\"tatsu-zubAlRKE3z tatsu-section  tatsu-bg-overlay   tatsu-clearfix\" data-title=\"\"  data-headerscheme=\"background--dark\"><div class='tatsu-section-pad clearfix' data-padding='{\"d\":\"90px 0px 90px 0px\"}' data-padding-top='90px'><div class=\"tatsu-row-wrap  tatsu-wrap tatsu-row-one-col tatsu-row-has-one-cols tatsu-medium-gutter tatsu-reg-cols  tatsu-clearfix tatsu-05h_LFeAxx\" ><div  class=\"tatsu-row \" ><div  class=\"tatsu-column  tatsu-bg-overlay tatsu-one-col tatsu-column-image-none tatsu-column-effect-none  tatsu-zo2cqWQoN\"  data-parallax-speed=\"0\" style=\"\"><div class=\"tatsu-column-inner \" ><div class=\"tatsu-column-pad-wrap\"><div class=\"tatsu-column-pad\" ><div  class=\"tatsu-module tatsu-text-block-wrap tatsu-Nx-mN7l8C  \"><div class=\"tatsu-text-inner tatsu-align-center  clearfix\" ><style>.tatsu-Nx-mN7l8C.tatsu-text-block-wrap .tatsu-text-inner{width: 100%;text-align: left;}<\/style>\n<p><strong>MENTIONS L\u00c9GALES DU SITE<\/strong><\/p>\n<p>Le site est accessible \u00e0 l\u2019adresse suivante\u00a0: https:\/\/www.vistaword.com\/<\/p>\n<p>Le propri\u00e9taire du site est Sandrine Biard domicili\u00e9e rue Daru \u00e0 Paris (75008). Sandrine Biard est \u00e9galement le directeur de publication du site et peut \u00eatre contact\u00e9e \u00e0 l\u2019adresse e-mail suivante : <a href=\"mailto:contact@vistaword.com\">contact@vistaword.com<\/a><\/p>\n<p>Le site https:\/\/www.vistaword.com\/ est h\u00e9berg\u00e9 par Infomaniak dont le si\u00e8ge est situ\u00e9 \u00e0 l\u2019adresse suivante\u00a0: 25 Rue Eug\u00e8ne-Marziano, CH \u2013 1227 Gen\u00e8ve \u2013 Suisse.<\/p>\n<p>Sont consid\u00e9r\u00e9s comme utilisateurs (ci-apr\u00e8s les \u00ab\u00a0utilisateurs\u00a0\u00bb) tous les internautes qui naviguent, lisent, visionnent et utilisent le site.<\/p>\n<p><strong>CONDITIONS G\u00c9N\u00c9RALES D\u2019UTILISATION DU SITE<\/strong><\/p>\n<p>La consultation, la navigation et l\u2019utilisation du site internet https:\/\/www.vistaword.com\/ et des services qu\u2019il propose sont r\u00e9gies par les pr\u00e9sentes Conditions G\u00e9n\u00e9rales d\u2019Utilisation (CGU). L\u2019utilisation du Site implique l\u2019acceptation sans r\u00e9serve et le respect des pr\u00e9sentes CGU.<\/p>\n<p>Le propri\u00e9taire se r\u00e9serve le droit de modifier, \u00e0 tout moment et sans pr\u00e9avis, le site et les pr\u00e9sentes CGU, notamment pour s\u2019adapter aux \u00e9volutions du site par la mise \u00e0 disposition de nouvelles fonctionnalit\u00e9s ou la suppression ou la modification de fonctionnalit\u00e9s existantes.<\/p>\n<p>Il est donc conseill\u00e9 \u00e0 l\u2019utilisateur de se r\u00e9f\u00e9rer avant toute navigation \u00e0 la derni\u00e8re version des CGU, accessible \u00e0 tout moment sur le site.<\/p>\n<p><strong>Acc\u00e8s et navigation<\/strong><\/p>\n<p>L\u2019acc\u00e8s au site et son utilisation sont r\u00e9serv\u00e9es aux personnes majeures. Toute utilisation du site par le mineur doit \u00eatre effectu\u00e9e sous l\u2019enti\u00e8re responsabilit\u00e9 du titulaire de l\u2019autorit\u00e9 parentale \u00e0 son \u00e9gard.<\/p>\n<p>Par ailleurs, Vistaword (Sandrine Biard) met en \u0153uvre les solutions techniques \u00e0 sa disposition pour permettre l\u2019acc\u00e8s au site 24 heures sur 24, 7 jours sur 7. Vistaword (Sandrine Biard)\u00a0 peut n\u00e9anmoins \u00e0 tout moment \u00eatre amen\u00e9 \u00e0 suspendre, limiter ou interrompre l\u2019acc\u00e8s au site ou \u00e0 certaines pages de celui-ci afin de proc\u00e9der \u00e0 des mises \u00e0 jour, des modifications de son contenu ou tout autre action jug\u00e9e n\u00e9cessaire au bon fonctionnement du site.<\/p>\n<p><strong>Responsabilit\u00e9s<\/strong><\/p>\n<p>L\u2019\u00e9diteur n\u2019est responsable que du contenu qu\u2019il a lui-m\u00eame \u00e9dit\u00e9.<\/p>\n<p>L\u2019\u00e9diteur n\u2019est pas responsable\u00a0:<\/p>\n<ul>\n<li>En cas de probl\u00e9matiques ou d\u00e9faillances techniques, informatiques ou de compatibilit\u00e9 du site avec un mat\u00e9riel ou logiciel quel qu\u2019il soit\u00a0;<\/li>\n<li>Des dommages directs ou indirects, mat\u00e9riels ou immat\u00e9riels, pr\u00e9visibles ou impr\u00e9visibles r\u00e9sultant de l\u2019utilisation du site ou de ses services\u00a0;<\/li>\n<li>Des caract\u00e9ristiques intrins\u00e8ques de l\u2019internet, notamment celles relatives au manque de fiabilit\u00e9 et au d\u00e9faut de s\u00e9curisation des informations y circulant\u00a0;<\/li>\n<li>Des contenus ou activit\u00e9s illicites utilisant son site et ce, sans qu\u2019il en ait pris d\u00fbment connaissance.<\/li>\n<\/ul>\n<p>L\u2019utilisateur est responsable\u00a0:<\/p>\n<ul>\n<li>De la protection de son mat\u00e9riel et de ses donn\u00e9es\u00a0;<\/li>\n<li>De l\u2019utilisation qu\u2019il fait du site ou de ses services\u00a0;<\/li>\n<li>S\u2019il ne respecte ni la lettre, ni l\u2019esprit des pr\u00e9sentes CGU.<\/li>\n<\/ul>\n<p>L\u2019utilisateur reconna\u00eet notamment que les informations qui transitent ou sont stock\u00e9es sur le site peuvent \u00eatre intercept\u00e9es ou alt\u00e9r\u00e9es ind\u00e9pendamment de la volont\u00e9 du site. Il est recommand\u00e9 \u00e0 l\u2019utilisateur de prendre toutes les pr\u00e9cautions n\u00e9cessaires afin de se pr\u00e9munir contre les effets de la piraterie, notamment en adoptant une configuration informatique s\u00e9curis\u00e9e et adapt\u00e9e, par la mise en place d\u2019un logiciel de d\u00e9tection de virus r\u00e9guli\u00e8rement mis \u00e0 jour.<\/p>\n<p><strong>Propri\u00e9t\u00e9 intellectuelle<\/strong><\/p>\n<p>La structure g\u00e9n\u00e9rale du site et tous les \u00e9l\u00e9ments le composant, tels que notamment la marque, la charte graphique, les textes, les illustrations, ainsi que toutes les applications informatiques qui pourraient \u00eatre utilis\u00e9es pour faire fonctionner le site et plus g\u00e9n\u00e9ralement tous les \u00e9l\u00e9ments reproduits ou utilis\u00e9s sur le site, sont prot\u00e9g\u00e9s par les lois en vigueur au titre de la propri\u00e9t\u00e9 intellectuelle et sont la propri\u00e9t\u00e9 de Sandrine Biard.<\/p>\n<p>Toute repr\u00e9sentation, reproduction, adaptation, diffusion ou exploitation partielle ou totale du site ou d\u2019un de ses \u00e9l\u00e9ments sans l\u2019autorisation pr\u00e9alable, expresse et \u00e9crite de son propri\u00e9taire, est strictement interdite et serait susceptible de constituer une contrefa\u00e7on au sens des articles L. 335.2 et suivants du Code de la propri\u00e9t\u00e9 intellectuelle.<\/p>\n<p><strong>Liens hypertextes<\/strong><\/p>\n<p>Le pr\u00e9sent site ne contient pas de liens pointant vers d\u2019autres sites internet. La mise en place de liens vers le pr\u00e9sent site est interdite sans l\u2019accord expr\u00e8s et pr\u00e9alable de Sandrine Biard.<\/p>\n<p><strong>Loi applicable <\/strong><\/p>\n<p>Les pr\u00e9sentes Conditions G\u00e9n\u00e9rales d\u2019Utilisation sont r\u00e9gies par la loi fran\u00e7aise.<\/p>\n<\/div><\/div><\/div><\/div><div class = \"tatsu-column-bg-image-wrap\"><div class = \"tatsu-column-bg-image tatsu-bg-lazyload\" data-src = \"\"><\/div><\/div><div class=\"tatsu-overlay tatsu-column-overlay tatsu-animate-none\" ><\/div><\/div><style>.tatsu-row > .tatsu-zo2cqWQoN.tatsu-column{width: 100%;}.tatsu-zo2cqWQoN.tatsu-column > .tatsu-column-inner > .tatsu-column-overlay{mix-blend-mode: normal;}.tatsu-zo2cqWQoN > .tatsu-column-inner > .tatsu-top-divider{z-index: 9999;}.tatsu-zo2cqWQoN > .tatsu-column-inner > .tatsu-bottom-divider{z-index: 9999;}.tatsu-zo2cqWQoN > .tatsu-column-inner > .tatsu-left-divider{z-index: 9999;}.tatsu-zo2cqWQoN > .tatsu-column-inner > .tatsu-right-divider{z-index: 9999;}@media only screen and (max-width:1377px) {.tatsu-row > .tatsu-zo2cqWQoN.tatsu-column{width: 100%;}}@media only screen and (min-width:768px) and (max-width: 1024px) {.tatsu-row > .tatsu-zo2cqWQoN.tatsu-column{width: 100%;}}@media only screen and (max-width: 767px) {.tatsu-row > .tatsu-zo2cqWQoN.tatsu-column{width: 100%;}}<\/style><\/div><\/div><\/div><\/div><div class=\"tatsu-section-background-wrap\"><div class = \"tatsu-section-background tatsu-bg-lazyload\" data-src = \"\"><\/div><\/div><div class=\"tatsu-overlay tatsu-section-overlay\"><\/div><style>.tatsu-zubAlRKE3z .tatsu-section-pad{padding: 90px 0px 90px 0px;}.tatsu-zubAlRKE3z .tatsu-section-offset-wrap{transform: translateY(-0px);}.tatsu-zubAlRKE3z > .tatsu-bottom-divider{z-index: 9999;}.tatsu-zubAlRKE3z > .tatsu-top-divider{z-index: 9999;}.tatsu-zubAlRKE3z .tatsu-section-overlay{mix-blend-mode: normal;}<\/style><\/div>\n","protected":false},"excerpt":{"rendered":"<div><a href=\"https:\/\/vistaword.com\/fr\/mentions-legales-et-cgu\/\" class=\"exp-read-more exp-read-more-underlined\">Read More<\/a><\/div>\n","protected":false},"author":1,"featured_media":0,"parent":0,"menu_order":0,"comment_status":"closed","ping_status":"closed","template":"","meta":{"footnotes":""},"class_list":["post-5313","page","type-page","status-publish","hentry"],"yoast_head":"<!-- This site is optimized with the Yoast SEO plugin v26.6 - https:\/\/yoast.com\/wordpress\/plugins\/seo\/ -->\n<title>Mentions l\u00e9gales et CGU - Vistaword<\/title>\n<meta name=\"robots\" content=\"index, follow, max-snippet:-1, max-image-preview:large, max-video-preview:-1\" \/>\n<link rel=\"canonical\" href=\"https:\/\/vistaword.com\/fr\/mentions-legales-et-cgu\/\" \/>\n<meta property=\"og:locale\" content=\"fr_FR\" \/>\n<meta property=\"og:type\" content=\"article\" \/>\n<meta property=\"og:title\" content=\"Mentions l\u00e9gales et CGU - Vistaword\" \/>\n<meta property=\"og:description\" content=\"Read More\" \/>\n<meta property=\"og:url\" content=\"https:\/\/vistaword.com\/fr\/mentions-legales-et-cgu\/\" \/>\n<meta property=\"og:site_name\" content=\"Vistaword\" \/>\n<meta property=\"article:modified_time\" content=\"2021-01-09T09:29:44+00:00\" \/>\n<meta name=\"twitter:card\" content=\"summary_large_image\" \/>\n<meta name=\"twitter:label1\" content=\"Dur\u00e9e de lecture estim\u00e9e\" \/>\n\t<meta name=\"twitter:data1\" content=\"10 minutes\" \/>\n<script type=\"application\/ld+json\" class=\"yoast-schema-graph\">{\"@context\":\"https:\/\/schema.org\",\"@graph\":[{\"@type\":\"WebPage\",\"@id\":\"https:\/\/vistaword.com\/fr\/mentions-legales-et-cgu\/\",\"url\":\"https:\/\/vistaword.com\/fr\/mentions-legales-et-cgu\/\",\"name\":\"Mentions l\u00e9gales et CGU - Vistaword\",\"isPartOf\":{\"@id\":\"https:\/\/vistaword.com\/fr\/#website\"},\"datePublished\":\"2020-10-21T10:09:25+00:00\",\"dateModified\":\"2021-01-09T09:29:44+00:00\",\"breadcrumb\":{\"@id\":\"https:\/\/vistaword.com\/fr\/mentions-legales-et-cgu\/#breadcrumb\"},\"inLanguage\":\"fr-FR\",\"potentialAction\":[{\"@type\":\"ReadAction\",\"target\":[\"https:\/\/vistaword.com\/fr\/mentions-legales-et-cgu\/\"]}]},{\"@type\":\"BreadcrumbList\",\"@id\":\"https:\/\/vistaword.com\/fr\/mentions-legales-et-cgu\/#breadcrumb\",\"itemListElement\":[{\"@type\":\"ListItem\",\"position\":1,\"name\":\"Accueil\",\"item\":\"https:\/\/vistaword.com\/fr\/\"},{\"@type\":\"ListItem\",\"position\":2,\"name\":\"Mentions l\u00e9gales et CGU\"}]},{\"@type\":\"WebSite\",\"@id\":\"https:\/\/vistaword.com\/fr\/#website\",\"url\":\"https:\/\/vistaword.com\/fr\/\",\"name\":\"Vistaword\",\"description\":\"\",\"publisher\":{\"@id\":\"https:\/\/vistaword.com\/fr\/#organization\"},\"potentialAction\":[{\"@type\":\"SearchAction\",\"target\":{\"@type\":\"EntryPoint\",\"urlTemplate\":\"https:\/\/vistaword.com\/fr\/?s={search_term_string}\"},\"query-input\":{\"@type\":\"PropertyValueSpecification\",\"valueRequired\":true,\"valueName\":\"search_term_string\"}}],\"inLanguage\":\"fr-FR\"},{\"@type\":\"Organization\",\"@id\":\"https:\/\/vistaword.com\/fr\/#organization\",\"name\":\"VistaWord\",\"url\":\"https:\/\/vistaword.com\/fr\/\",\"logo\":{\"@type\":\"ImageObject\",\"inLanguage\":\"fr-FR\",\"@id\":\"https:\/\/vistaword.com\/fr\/#\/schema\/logo\/image\/\",\"url\":\"https:\/\/vistaword.com\/wp-content\/uploads\/2020\/10\/logovistaword-transparent.png\",\"contentUrl\":\"https:\/\/vistaword.com\/wp-content\/uploads\/2020\/10\/logovistaword-transparent.png\",\"width\":149,\"height\":97,\"caption\":\"VistaWord\"},\"image\":{\"@id\":\"https:\/\/vistaword.com\/fr\/#\/schema\/logo\/image\/\"}}]}<\/script>\n<!-- \/ Yoast SEO plugin. -->","yoast_head_json":{"title":"Mentions l\u00e9gales et CGU - Vistaword","robots":{"index":"index","follow":"follow","max-snippet":"max-snippet:-1","max-image-preview":"max-image-preview:large","max-video-preview":"max-video-preview:-1"},"canonical":"https:\/\/vistaword.com\/fr\/mentions-legales-et-cgu\/","og_locale":"fr_FR","og_type":"article","og_title":"Mentions l\u00e9gales et CGU - Vistaword","og_description":"Read More","og_url":"https:\/\/vistaword.com\/fr\/mentions-legales-et-cgu\/","og_site_name":"Vistaword","article_modified_time":"2021-01-09T09:29:44+00:00","twitter_card":"summary_large_image","twitter_misc":{"Dur\u00e9e de lecture estim\u00e9e":"10 minutes"},"schema":{"@context":"https:\/\/schema.org","@graph":[{"@type":"WebPage","@id":"https:\/\/vistaword.com\/fr\/mentions-legales-et-cgu\/","url":"https:\/\/vistaword.com\/fr\/mentions-legales-et-cgu\/","name":"Mentions l\u00e9gales et CGU - Vistaword","isPartOf":{"@id":"https:\/\/vistaword.com\/fr\/#website"},"datePublished":"2020-10-21T10:09:25+00:00","dateModified":"2021-01-09T09:29:44+00:00","breadcrumb":{"@id":"https:\/\/vistaword.com\/fr\/mentions-legales-et-cgu\/#breadcrumb"},"inLanguage":"fr-FR","potentialAction":[{"@type":"ReadAction","target":["https:\/\/vistaword.com\/fr\/mentions-legales-et-cgu\/"]}]},{"@type":"BreadcrumbList","@id":"https:\/\/vistaword.com\/fr\/mentions-legales-et-cgu\/#breadcrumb","itemListElement":[{"@type":"ListItem","position":1,"name":"Accueil","item":"https:\/\/vistaword.com\/fr\/"},{"@type":"ListItem","position":2,"name":"Mentions l\u00e9gales et CGU"}]},{"@type":"WebSite","@id":"https:\/\/vistaword.com\/fr\/#website","url":"https:\/\/vistaword.com\/fr\/","name":"Vistaword","description":"","publisher":{"@id":"https:\/\/vistaword.com\/fr\/#organization"},"potentialAction":[{"@type":"SearchAction","target":{"@type":"EntryPoint","urlTemplate":"https:\/\/vistaword.com\/fr\/?s={search_term_string}"},"query-input":{"@type":"PropertyValueSpecification","valueRequired":true,"valueName":"search_term_string"}}],"inLanguage":"fr-FR"},{"@type":"Organization","@id":"https:\/\/vistaword.com\/fr\/#organization","name":"VistaWord","url":"https:\/\/vistaword.com\/fr\/","logo":{"@type":"ImageObject","inLanguage":"fr-FR","@id":"https:\/\/vistaword.com\/fr\/#\/schema\/logo\/image\/","url":"https:\/\/vistaword.com\/wp-content\/uploads\/2020\/10\/logovistaword-transparent.png","contentUrl":"https:\/\/vistaword.com\/wp-content\/uploads\/2020\/10\/logovistaword-transparent.png","width":149,"height":97,"caption":"VistaWord"},"image":{"@id":"https:\/\/vistaword.com\/fr\/#\/schema\/logo\/image\/"}}]}},"_links":{"self":[{"href":"https:\/\/vistaword.com\/fr\/wp-json\/wp\/v2\/pages\/5313\/"}],"collection":[{"href":"https:\/\/vistaword.com\/fr\/wp-json\/wp\/v2\/pages\/"}],"about":[{"href":"https:\/\/vistaword.com\/fr\/wp-json\/wp\/v2\/types\/page\/"}],"author":[{"embeddable":true,"href":"https:\/\/vistaword.com\/fr\/wp-json\/wp\/v2\/users\/1\/"}],"replies":[{"embeddable":true,"href":"https:\/\/vistaword.com\/fr\/wp-json\/wp\/v2\/comments\/?post=5313"}],"version-history":[{"count":4,"href":"https:\/\/vistaword.com\/fr\/wp-json\/wp\/v2\/pages\/5313\/revisions\/"}],"predecessor-version":[{"id":5679,"href":"https:\/\/vistaword.com\/fr\/wp-json\/wp\/v2\/pages\/5313\/revisions\/5679\/"}],"wp:attachment":[{"href":"https:\/\/vistaword.com\/fr\/wp-json\/wp\/v2\/media\/?parent=5313"}],"curies":[{"name":"wp","href":"https:\/\/api.w.org\/{rel}","templated":true}]}}